{"id":26093,"date":"2021-03-23T17:28:07","date_gmt":"2021-03-23T16:28:07","guid":{"rendered":"https:\/\/aspasia-wellness.com\/?page_id=26093"},"modified":"2021-03-24T01:16:11","modified_gmt":"2021-03-24T00:16:11","slug":"mehr-wohlbefinden-durch-selbstliebe","status":"publish","type":"page","link":"https:\/\/aspasia-wellness.com\/coming-soon\/under-construction\/en\/mehr-wohlbefinden-durch-selbstliebe\/","title":{"rendered":"Mehr Wohlbefinden durch Selbstliebe"},"content":{"rendered":"<p>[et_pb_section fb_built=&#8220;1&#8243; _builder_version=&#8220;4.4.1&#8243;][et_pb_row _builder_version=&#8220;4.9.1&#8243; background_size=&#8220;initial&#8220; background_position=&#8220;top_left&#8220; background_repeat=&#8220;repeat&#8220;][et_pb_column type=&#8220;4_4&#8243; _builder_version=&#8220;4.4.1&#8243;][et_pb_text _builder_version=&#8220;4.9.2&#8243; header_2_font=&#8220;Taviraj|600|||||||&#8220; header_3_font=&#8220;Taviraj||||||||&#8220; custom_padding=&#8220;||3px|||&#8220;]<\/p>\n<div class=\"\" data-block=\"true\" data-editor=\"dblca\" data-offset-key=\"1dtiu-0-0\">\n<h2 class=\"_1mf _1mj\" style=\"text-align: center;\" data-offset-key=\"1dtiu-0-0\">Wie Selbstliebe Dein Wohlbefinden beeinflusst und wie Du diese mit Leichtigkeit durch einfache Hilfsmitteln erlernen kannst<\/h2>\n<h4 class=\"_1mf _1mj\" data-offset-key=\"1dtiu-0-0\"><\/h4>\n<p class=\"_1mf _1mj\" style=\"text-align: center;\" data-offset-key=\"1dtiu-0-0\">\n<\/div>\n<div class=\"\" data-block=\"true\" data-editor=\"dblca\" data-offset-key=\"edsn7-0-0\">\n<div class=\"_1mf _1mj\" data-offset-key=\"edsn7-0-0\">\n<pre><\/pre>\n<\/div>\n<\/div>\n<p>[\/et_pb_text][et_pb_image src=&#8220;https:\/\/aspasia-wellness.com\/wp-content\/uploads\/2021\/03\/Lebe-4.png&#8220; alt=&#8220;Selbstliebe&#8220; title_text=&#8220;Selbstliebe&#8220; _builder_version=&#8220;4.9.2&#8243; _module_preset=&#8220;default&#8220;][\/et_pb_image][et_pb_text _builder_version=&#8220;4.9.2&#8243; _module_preset=&#8220;default&#8220;]<\/p>\n<h4 class=\"_1mf _1mj\" style=\"text-align: center;\" data-offset-key=\"1dtiu-0-0\">Mehr Wohlbefinden durch Selbstliebe<\/h4>\n<p class=\"_1mf _1mj\" style=\"text-align: center;\" data-offset-key=\"1dtiu-0-0\">Warum Selbstliebe so wichtig ist?<\/p>\n<p class=\"_1mf _1mj\" style=\"text-align: center;\" data-offset-key=\"1dtiu-0-0\">Selbstliebe hat mit der Achtung und Wertsch\u00e4tzung Deiner eigenen Person, Deines Wesens, also mit Deiner Seele und Deinem K\u00f6rper zu tun.<\/p>\n<p class=\"_1mf _1mj\" style=\"text-align: center;\" data-offset-key=\"1dtiu-0-0\">F\u00fcr ein Wohlbefinden in Deinem K\u00f6rper, ein langes aangenehmes wohnen in ihm, ist es unabdingbar diesen wert zu sch\u00e4tzen und die h\u00f6chste Wertsch\u00e4tzung ist die Liebe. \u00a0Da wir alle aus K\u00f6rper, Geist und Seele bestehen, was l\u00e4ge da n\u00e4her als alles 3 gleichsam zu lieben\/ wert zusch\u00e4tzen?<\/p>\n<p class=\"_1mf _1mj\" style=\"text-align: center;\" data-offset-key=\"1dtiu-0-0\">Doch wie sieht es oftmals \u00a0wirklich aus, wenn wir uns nicht wohlf\u00fchlen?<\/p>\n<p>[\/et_pb_text][et_pb_text _builder_version=&#8220;4.9.2&#8243; _module_preset=&#8220;default&#8220;]<\/p>\n<p style=\"text-align: center;\"><em>&#8220; Nur wer sich selbst liebt, ist f\u00e4hig andere zu lieben.&#8220;<\/em><\/p>\n<p style=\"text-align: center;\"><em>Alte Weisheit<\/em><\/p>\n<p>[\/et_pb_text][et_pb_text _builder_version=&#8220;4.9.2&#8243; _module_preset=&#8220;default&#8220;]<\/p>\n<p style=\"text-align: center;\">Wie oft sind wir unzufrieden mit unserem Geist?<\/p>\n<p style=\"text-align: center;\">Wie oft sind wir unzufrieden mit unserem K\u00f6rper?<\/p>\n<p style=\"text-align: center;\">Wie oft sind wir unzufrieden mit unserer Beziehung?\u00a0<\/p>\n<p style=\"text-align: center;\">Wie oft sind wir unzufrieden mit unserem Beruf?\u00a0<\/p>\n<p style=\"text-align: center;\">Wie oft sind wir unzufrieden mit unserem Leben?\u00a0<\/p>\n<p>[\/et_pb_text][\/et_pb_column][\/et_pb_row][et_pb_row column_structure=&#8220;1_2,1_2&#8243; _builder_version=&#8220;4.9.2&#8243; _module_preset=&#8220;default&#8220;][et_pb_column type=&#8220;1_2&#8243; _builder_version=&#8220;4.9.1&#8243; _module_preset=&#8220;default&#8220;][et_pb_text _builder_version=&#8220;4.9.2&#8243; _module_preset=&#8220;default&#8220;]<\/p>\n<h3 style=\"text-align: center;\">Selbstliebe lernen<\/h3>\n<p style=\"text-align: center;\">\n<p style=\"text-align: center;\">Ja, Du lie\u00dft richtig Selbstliebe kann man lernen.<\/p>\n<p style=\"text-align: center;\">Als erstes durch ein <strong>Selbstmitgef\u00fchl<\/strong>. Bei dem Selbstmitgef\u00fchl geht es darum, wie Du Dich und Dein Leben betrachtest. Wie Du \u00fcber Dich und auch andere Menschen <em>denkst<\/em> and <em>f\u00fchlst<\/em>. Eine Betrachtungsweise unabh\u00e4ngig davon, was Dir widerf\u00e4hrt. Sondern wie Deine Zwiesprache in Dir stattfindet. Welche Worte Du verwendest, eben WIE Du mit DIR<em> redest<\/em> und auch WIE Du mit DIR <em>umgehst<\/em>.<\/p>\n<p style=\"text-align: center;\">Mit Selbstmitgef\u00fchl k\u00f6nnen wir leichter unser Leben selbst BEWUSST in die Hand nehmen und besser lenken, was wir \u00fcber uns selbst denken und f\u00fchlen und uns somit antuen. \u00a0Wir haben dann die F\u00e4higkeit unsere Gedanken bewusst in die Richtung zu lenken, welche uns als gesamtes Wesen wirklich erf\u00fcllt.<\/p>\n<p style=\"text-align: center;\">Selbstmitgef\u00fchl ist etwas anderes als Selbstmitleid. Bei Selbstmitleid lenkst Du Deinen Fokus auf das &#8222;Leid&#8220; und all die negativen Punkte und Seiten einer Sache und das bringt Dich eher in eine Abw\u00e4hrtsspirale, wie einen Sog nach unten und f\u00fchrt Dich so in eine Sackgasse.\u00a0Beim dem Selbstmitgef\u00fchlt f\u00fchlst Du einfach mit Dir, bist einf\u00fchlsam und achtsam, ohne Dich f\u00fcr Deine(n) Fehler, oder eine Sache zu ver\/-beurteilen.<\/p>\n<p style=\"text-align: center;\">Dir f\u00e4llt es auch leicht, wenn ein lieber Mensch sich \u00fcber seinen Kummer beklagt, ihm liebevoll zuzuh\u00f6ren, zu tr\u00f6sssten und anzunehmen.<\/p>\n<p style=\"text-align: center;\">Genauso liebevoll, wie Du mit der anderen Person umgehst solltest Du auch mit Dir selbst umgehen.<\/p>\n<p style=\"text-align: center;\">Selbstmitgef\u00fchl bedeutet sich mit all seinen Ecken und Kanten anzunehmen.\u00a0Das bedeutet, auch Du kannst Dir mal einen schlechten Tag zugestehen, oder eine Sache vergessen, oder eben Fehler zu machen. ( Die sind ja eh zum lernen da;)).<\/p>\n<p style=\"text-align: center;\">Empathie, die Du, wir als Introvertierte, so leicht f\u00fcr\u00a0andere aufbringen k\u00f6nnen, sollst Du auch f\u00fcr Dich als erstes aufbringen. Nur so k\u00f6nnen wir f\u00fcr andere auch wirklich ein echter Beitrag sein.<\/p>\n<p style=\"text-align: center;\">Was w\u00e4re, wenn Dir mein Abenteuer: &#8220; Die liebevolle innere Haltung&#8220; daf\u00fcr ein wundervoller Beitrag ist, der Dich dabei unterst\u00fctzt?<\/p>\n<p style=\"text-align: center;\">\n<p style=\"text-align: center;\">[\/et_pb_text][et_pb_image src=&#8220;https:\/\/aspasia-wellness.com\/wp-content\/uploads\/2018\/03\/IMG_6648.jpg&#8220; alt=&#8220;Massagen&#8220; title_text=&#8220;Massagen&#8220; _builder_version=&#8220;4.9.2&#8243; _module_preset=&#8220;default&#8220;][\/et_pb_image][et_pb_button button_text=&#8220;Gratis mehr zur Transformations-Methode erfahren&#8220; _builder_version=&#8220;4.9.2&#8243; _module_preset=&#8220;default&#8220; button_url=&#8220;https:\/\/aspasia-wellness.com\/bars\/&#8220; hover_enabled=&#8220;0&#8243; sticky_enabled=&#8220;0&#8243; custom_button=&#8220;on&#8220; button_bg_color=&#8220;#939393&#8243; button_bg_enable_color=&#8220;on&#8220; button_bg_use_color_gradient=&#8220;on&#8220; button_bg_color_gradient_start=&#8220;#e06962&#8243; button_bg_color_gradient_end=&#8220;#faebd7&#8243; button_border_width=&#8220;0px&#8220; button_border_radius=&#8220;58px&#8220; button_font=&#8220;|600|||||||&#8220; button_text_shadow_style=&#8220;preset2&#8243; box_shadow_style=&#8220;preset2&#8243;][\/et_pb_button][et_pb_button _builder_version=&#8220;4.9.2&#8243; _module_preset=&#8220;default&#8220;][\/et_pb_button][et_pb_divider show_divider=&#8220;off&#8220; _builder_version=&#8220;4.9.2&#8243; _module_preset=&#8220;default&#8220;][\/et_pb_divider][et_pb_divider show_divider=&#8220;off&#8220; _builder_version=&#8220;4.9.2&#8243; _module_preset=&#8220;default&#8220; hover_enabled=&#8220;0&#8243; sticky_enabled=&#8220;0&#8243;][\/et_pb_divider][et_pb_divider show_divider=&#8220;off&#8220; _builder_version=&#8220;4.9.2&#8243; _module_preset=&#8220;default&#8220; hover_enabled=&#8220;0&#8243; sticky_enabled=&#8220;0&#8243;][\/et_pb_divider][et_pb_divider show_divider=&#8220;off&#8220; _builder_version=&#8220;4.9.2&#8243; _module_preset=&#8220;default&#8220; hover_enabled=&#8220;0&#8243; sticky_enabled=&#8220;0&#8243;][\/et_pb_divider][et_pb_text _builder_version=&#8220;4.9.2&#8243; _module_preset=&#8220;default&#8220;]<\/p>\n<h5 style=\"text-align: center;\">3. Der Ausklang<\/h5>\n<p style=\"text-align: center;\">Lasse Deine kleine Abenteuerreise ausklingen und sp\u00fcre nach, was Du wahrnimmst. Lege Deine H\u00e4nde dabei auf Dein Herz und sp\u00fcre Deinen Herzschlag und verbinde Dich liebevoll mit ihm und versichere Dir, dass Dich dieses Abenteuererlebnis durch Deinen Tag begleiten wird.<\/p>\n<p>[\/et_pb_text][et_pb_text _builder_version=&#8220;4.9.2&#8243; _module_preset=&#8220;default&#8220; hover_enabled=&#8220;0&#8243; sticky_enabled=&#8220;0&#8243;]<\/p>\n<h5 style=\"text-align: center;\">4. Der (morgendliche) Blick in den Spiegel<\/h5>\n<p style=\"text-align: center;\">Ein weiteres sehr kraftvolles Abenteuerdetail kannst Du gern noch hinzu nehmen.<\/p>\n<p style=\"text-align: center;\">Schaue fr\u00fch in Deinen Spiegel und l\u00e4chle und sage Dir: Ich liebe Dich &#x2764;&#xfe0f;<\/p>\n<p style=\"text-align: center;\">Du wirst sehen, diese Methode hat es wahrhaft in sich.\u00a0<\/p>\n<p style=\"text-align: center;\">Viele Menschen scheuen sich oft erst davor dies so aussprechen zu k\u00f6nnen.\u00a0<\/p>\n<p style=\"text-align: center;\">\n<h4 style=\"text-align: center;\">Weitere Artikel f\u00fcr mehr Selbstliebe<\/h4>\n<p style=\"text-align: center;\"><a href=\"https:\/\/www.aspasia-lifestyle.com\/6-tipps-wie-du-mehr-selbstliebe-erhaeltst\/\">&#8211; 6 Tipps f\u00fcr mehr Selbstliebe<\/a><\/p>\n<p style=\"text-align: center;\">&#8211; <a href=\"https:\/\/aspasia-wellness.com\/coming-soon\/under-construction\/en\/was-resilienz-mit-deinem-wohlbefinden-zu-tun-hat\/\">Was Resilienz mit Deinem Wohlbefinden zu tun hat<\/a><\/p>\n<p style=\"text-align: center;\">&#8211; <a href=\"https:\/\/aspasia-wellness.com\/coming-soon\/under-construction\/en\/wohlfuehlen-mit-selbstvorsorge-in-der-coronazeit\/\">Wohlf\u00fchlen mit Selbstvorsorge<\/a><\/p>\n<p>[\/et_pb_text][\/et_pb_column][et_pb_column type=&#8220;1_2&#8243; _builder_version=&#8220;4.9.2&#8243; _module_preset=&#8220;default&#8220;][et_pb_image src=&#8220;https:\/\/aspasia-wellness.com\/wp-content\/uploads\/2021\/03\/IMG_4539-3.jpg&#8220; alt=&#8220;Aroma\u00f6lmassaage&#8220; title_text=&#8220;woman having wellness back massage in spa&#8220; _builder_version=&#8220;4.9.2&#8243; _module_preset=&#8220;default&#8220;][\/et_pb_image][et_pb_text _builder_version=&#8220;4.9.1&#8243; _module_preset=&#8220;default&#8220;][\/et_pb_text][et_pb_text _builder_version=&#8220;4.9.2&#8243; _module_preset=&#8220;default&#8220;]<\/p>\n<h4 style=\"text-align: center;\">Das Abenteuer f\u00fcr eine liebevolle innere Haltung<\/h4>\n<p style=\"text-align: center;\">Wende dieses Abenteuerritual t\u00e4glich mindestens eine Woche bis 14 Tage, f\u00fcr einen dauerhafteren Erfolg 28 Tage an. Denn nach 28 Tagen haben sich in uns die neuronalen Neu-Vernetzungen schon verst\u00e4rkt, so dass dies f\u00fcr Dich schon vielmehr zur Gewohnheit wird. Am Besten ist es, wenn Du Dir daf\u00fcr immer die gleiche \u00a0Tageszeit daf\u00fcr w\u00e4hlst. Am idealsten ist es, wenn Du sie in Deine <a href=\"https:\/\/aspasia-wellness.com\/coming-soon\/under-construction\/en\/wohlfuehltipp-fuer-mehr-leichtigkeit-die-magie-der-schoensten-morgenrituale\/\"><span style=\"color: #ff0000;\">Morgenrituale<\/span><\/a> oder ins <a href=\"https:\/\/aspasia-wellness.com\/coming-soon\/under-construction\/en\/abendroutine-fuer-einen-wohlfuehl-schlaf\/\"><span style=\"color: #ff0000;\">Abendritual<\/span> <\/a>integrierst.<\/p>\n<p>[\/et_pb_text][et_pb_text _builder_version=&#8220;4.9.2&#8243; _module_preset=&#8220;default&#8220;]<\/p>\n<h5 style=\"text-align: center;\">1. Sp\u00fcre Dich in eine liebevolle innere Haltung hinein<\/h5>\n<p style=\"text-align: center;\">Diese Reise ist wie eine kleine Meditation.<\/p>\n<p style=\"text-align: center;\">Idealer weise setzt Du Dich und schlie\u00dft mit einem L\u00e4cheln Deine Augen und atmest einmal ruhig tief bis in den Bauch \u00a0ein und aus und wieder ein und folge Deinem Atem. Dann lege die Deine H\u00e4nde auf Dein Herz und nimm Kontakt mit diesem auf. Sp\u00fcre eine tiefe liebevolle \u00a0Verbindung mit Dir. Sp\u00fcre Deine Atmung und Deinen Herzschlag und sp\u00fcre was aauch imme Du wahrnimmst. Jetzt sage zu Dir verbindlich, dass Du Dir in den n\u00e4chsten Wochen und Tagen reichlich Zeit schenkst und Du liebevoll, sowie be-wusst mit Dir im Kontakt bist und dass Du liebevoll mit Dir selbst redest.<\/p>\n<h5 style=\"text-align: center;\">2. Lebe Dein Abenteuer der inneren Haltung<\/h5>\n<p style=\"text-align: center;\">Wende es jeden Tag, idealer Weise zum Morgenritual an. Denn so wie wir in den Tag starten, setzt sich so ziemlich immer der Tag fort.<\/p>\n<p style=\"text-align: center;\">Sollte der Stress Dich einholen, sage STOPP, sobald es Dir bewusst wird. Ich sage mir dann immer die alte Buddha-Weisheit:<\/p>\n<blockquote>\n<p><em>Wenn es Dich eilt, gehe langsamer. &#8211; Buddha<\/em><\/p>\n<\/blockquote>\n<p style=\"text-align: center;\">Sollten negative Gedanken, Ungeduld, Groll oder \u00c4hnliches auftauchen, sage ebenso STOPP! Danke das du da warst. Doch jetzt darfst Du gehen.<\/p>\n<p style=\"text-align: center;\">Genauso verf\u00e4hrst Du, wenn Du von dem was Du eigentlich tuen wolltest abschweifst, oder es gar anstrengend und sich eng anf\u00fchlt.<\/p>\n<p style=\"text-align: center;\">Und wenn wieder einmal ein Gedanke auftaucht, wie: Jetzt habe ich &#8230; schon wieder dies oder das vergessen. Dann korrrigiere sofort in: Okay, ich habe dies oder das vergessen, gut dass ich das bemerkt habe, so kann ich es das n\u00e4chste Mal ber\u00fccksichtigen.<\/p>\n<p style=\"text-align: center;\">Wie schon oben gesagt, Fehler sind zum Lernen da ;).<\/p>\n<p>[\/et_pb_text][et_pb_image src=&#8220;https:\/\/aspasia-wellness.com\/wp-content\/uploads\/2021\/03\/IMG_Runichbars.jpg&#8220; alt=&#8220;Selbstliebe&#8220; title_text=&#8220;IMG_Runichbars&#8220; _builder_version=&#8220;4.9.2&#8243; _module_preset=&#8220;default&#8220;][\/et_pb_image][\/et_pb_column][\/et_pb_row][et_pb_row _builder_version=&#8220;4.9.1&#8243; _module_preset=&#8220;default&#8220;][et_pb_column type=&#8220;4_4&#8243; _builder_version=&#8220;4.9.1&#8243; _module_preset=&#8220;default&#8220;][et_pb_text _builder_version=&#8220;4.9.2&#8243; _module_preset=&#8220;default&#8220;]<\/p>\n<p>&nbsp;<\/p>\n<p style=\"text-align: center;\">Wie hat Dir das Abenteuer der Inneren Haltung f\u00fcr das Selbstmitgef\u00fchl und die 6 Tipps f\u00fcr mehr Selbstliebe gefallen? Kennst Du noch mehr zum Thema Selbstliebe? Ich freue mich von Dir zu lesen.\u00a0<\/p>\n<p style=\"text-align: center;\">Alles Liebe\u00a0<br \/><em>Jana<\/em><\/p>\n<p>[\/et_pb_text][\/et_pb_column][\/et_pb_row][et_pb_row _builder_version=&#8220;4.4.1&#8243; background_size=&#8220;initial&#8220; background_position=&#8220;top_left&#8220; background_repeat=&#8220;repeat&#8220;][et_pb_column type=&#8220;4_4&#8243; _builder_version=&#8220;4.4.1&#8243;][\/et_pb_column][\/et_pb_row][et_pb_row _builder_version=&#8220;3.25&#8243; background_size=&#8220;initial&#8220; background_position=&#8220;top_left&#8220; background_repeat=&#8220;repeat&#8220;][et_pb_column type=&#8220;4_4&#8243; _builder_version=&#8220;4.4.1&#8243;][et_pb_social_media_follow _builder_version=&#8220;4.9.1&#8243; _module_preset=&#8220;default&#8220;][et_pb_social_media_follow_network social_network=&#8220;facebook&#8220; url=&#8220;https:\/\/www.facebook.com\/Aspasia.Health.Wellnesslounge&#8220; _builder_version=&#8220;4.9.1&#8243; _module_preset=&#8220;default&#8220; background_color=&#8220;#3b5998&#8243; follow_button=&#8220;off&#8220; url_new_window=&#8220;on&#8220;]facebook[\/et_pb_social_media_follow_network][et_pb_social_media_follow_network social_network=&#8220;twitter&#8220; url=&#8220;https:\/\/twitter.com\/aspasi_info&#8220; _builder_version=&#8220;4.9.1&#8243; _module_preset=&#8220;default&#8220; background_color=&#8220;#00aced&#8220; follow_button=&#8220;off&#8220; url_new_window=&#8220;on&#8220;]twitter[\/et_pb_social_media_follow_network][et_pb_social_media_follow_network social_network=&#8220;instagram&#8220; url=&#8220;https:\/\/instagram.com\/aspasialifestyle.geheimwaffe&#8220; _builder_version=&#8220;4.9.1&#8243; _module_preset=&#8220;default&#8220; background_color=&#8220;#ea2c59&#8243; follow_button=&#8220;off&#8220; url_new_window=&#8220;on&#8220;]instagram[\/et_pb_social_media_follow_network][et_pb_social_media_follow_network social_network=&#8220;pinterest&#8220; url=&#8220;https:\/\/www.pinterest.com\/Aspasiadeluxe\/aspasia-health-wellnesslounge\/&#8220; _builder_version=&#8220;4.9.1&#8243; _module_preset=&#8220;default&#8220; background_color=&#8220;#cb2027&#8243; follow_button=&#8220;off&#8220; url_new_window=&#8220;on&#8220;]pinterest[\/et_pb_social_media_follow_network][\/et_pb_social_media_follow][et_pb_comments show_reply_tablet=&#8220;&#8220; show_reply_phone=&#8220;&#8220; show_reply_last_edited=&#8220;on|desktop&#8220; _builder_version=&#8220;4.9.1&#8243; _module_preset=&#8220;default&#8220; background_color=&#8220;#FFFAF0&#8243; custom_button=&#8220;on&#8220; link_option_url=&#8220;https:\/\/aspasia-wellness.com\/kommentare\/&#8220; form_field_text_shadow_style=&#8220;preset2&#8243; text_shadow_style=&#8220;preset2&#8243;][\/et_pb_comments][\/et_pb_column][\/et_pb_row][et_pb_row _builder_version=&#8220;4.4.1&#8243;][et_pb_column type=&#8220;4_4&#8243; _builder_version=&#8220;4.4.1&#8243;][et_pb_signup mailchimp_list=&#8220;ASPASIA Health &#038; WELLNESSLOUNGE|afae954c60&#8243; title=&#8220; Mehr Wohlbefinden mit ASPASIA`s WOHLF\u00dcHLSECRETS &#8220; description=&#8220;<\/p>\n<p>Du willst mehr \u00fcber Methoden zur Steigerung und Wiederherstellung Deines Wohlbefinden erfahren, dann trage Dich in meine Wohlf\u00fchlsecrets ein.<\/p>\n<p>Ich mag selbst keine Spams! \ud83d\ude09<\/p>\n<p>&#8220; _builder_version=&#8220;4.4.1&#8243; custom_button=&#8220;on&#8220; button_bg_color=&#8220;#e06962&#8243; button_bg_use_color_gradient=&#8220;on&#8220; button_bg_color_gradient_start=&#8220;#e06962&#8243; button_bg_color_gradient_end=&#8220;#faebd7&#8243; button_border_width=&#8220;0px&#8220; button_border_radius=&#8220;67px&#8220; button_text_shadow_style=&#8220;preset2&#8243; box_shadow_style_button=&#8220;preset2&#8243;][\/et_pb_signup][\/et_pb_column][\/et_pb_row][\/et_pb_section]<\/p>\n<span class=\"et_bloom_bottom_trigger\"><\/span>","protected":false},"excerpt":{"rendered":"<p>Wie Selbstliebe Dein Wohlbefinden beeinflusst und wie Du diese mit Leichtigkeit durch einfache Hilfsmitteln erlernen kannst Mehr Wohlbefinden durch Selbstliebe Warum Selbstliebe so wichtig ist? Selbstliebe hat mit der Achtung und Wertsch\u00e4tzung Deiner eigenen Person, Deines Wesens, also mit Deiner Seele und Deinem K\u00f6rper zu tun. F\u00fcr ein Wohlbefinden in Deinem K\u00f6rper, ein langes aangenehmes [&hellip;]<\/p>","protected":false},"author":1,"featured_media":26097,"parent":0,"menu_order":0,"comment_status":"closed","ping_status":"closed","template":"","meta":{"_et_pb_use_builder":"on","_et_pb_old_content":"","_et_gb_content_width":"","footnotes":""},"class_list":["post-26093","page","type-page","status-publish","has-post-thumbnail","hentry"],"_links":{"self":[{"href":"https:\/\/aspasia-wellness.com\/coming-soon\/under-construction\/en\/wp-json\/wp\/v2\/pages\/26093"}],"collection":[{"href":"https:\/\/aspasia-wellness.com\/coming-soon\/under-construction\/en\/wp-json\/wp\/v2\/pages"}],"about":[{"href":"https:\/\/aspasia-wellness.com\/coming-soon\/under-construction\/en\/wp-json\/wp\/v2\/types\/page"}],"author":[{"embeddable":true,"href":"https:\/\/aspasia-wellness.com\/coming-soon\/under-construction\/en\/wp-json\/wp\/v2\/users\/1"}],"replies":[{"embeddable":true,"href":"https:\/\/aspasia-wellness.com\/coming-soon\/under-construction\/en\/wp-json\/wp\/v2\/comments?post=26093"}],"version-history":[{"count":0,"href":"https:\/\/aspasia-wellness.com\/coming-soon\/under-construction\/en\/wp-json\/wp\/v2\/pages\/26093\/revisions"}],"wp:featuredmedia":[{"embeddable":true,"href":"https:\/\/aspasia-wellness.com\/coming-soon\/under-construction\/en\/wp-json\/wp\/v2\/media\/26097"}],"wp:attachment":[{"href":"https:\/\/aspasia-wellness.com\/coming-soon\/under-construction\/en\/wp-json\/wp\/v2\/media?parent=26093"}],"curies":[{"name":"wp","href":"https:\/\/api.w.org\/{rel}","templated":true}]}}