{"id":27230,"date":"2022-01-01T20:18:52","date_gmt":"2022-01-01T19:18:52","guid":{"rendered":"https:\/\/aspasia-wellness.com\/?page_id=27230"},"modified":"2022-05-12T19:49:14","modified_gmt":"2022-05-12T17:49:14","slug":"veran","status":"publish","type":"page","link":"https:\/\/aspasia-wellness.com\/coming-soon\/under-construction\/en\/veran\/","title":{"rendered":"Veranstaltungen"},"content":{"rendered":"<p>[et_pb_section fb_built=&#8220;1&#8243; fullwidth=&#8220;on&#8220; _builder_version=&#8220;4.16&#8243; _module_preset=&#8220;default&#8220; global_colors_info=&#8220;{}&#8220;][et_pb_fullwidth_image src=&#8220;https:\/\/aspasia-wellness.com\/wp-content\/uploads\/2022\/01\/Event-Website-3-mit-Butten-rot.png&#8220; alt=&#8220;ASPASIA Events online &#038; offline&#8220; title_text=&#8220;_Event Website 3 mit Butten rot&#8220; _builder_version=&#8220;4.16&#8243; _module_preset=&#8220;default&#8220; global_colors_info=&#8220;{}&#8220;][\/et_pb_fullwidth_image][\/et_pb_section][et_pb_section fb_built=&#8220;1&#8243; _builder_version=&#8220;4.16&#8243; _module_preset=&#8220;default&#8220; background_image=&#8220;https:\/\/aspasia-wellness.com\/wp-content\/uploads\/2022\/01\/Event-Website-3-mit-Butten-rot-2.png&#8220; global_colors_info=&#8220;{}&#8220;][et_pb_row column_structure=&#8220;1_3,1_3,1_3&#8243; _builder_version=&#8220;4.16&#8243; _module_preset=&#8220;default&#8220; background_enable_image=&#8220;off&#8220; animation_style=&#8220;fade&#8220; global_colors_info=&#8220;{}&#8220;][et_pb_column type=&#8220;1_3&#8243; _builder_version=&#8220;4.16&#8243; _module_preset=&#8220;default&#8220; global_colors_info=&#8220;{}&#8220;][et_pb_blurb title=&#8220;39 Tage Kundalini Meditation &#038; Vinyasa Power Gratis Challenge &#8220; image=&#8220;https:\/\/aspasia-wellness.com\/wp-content\/uploads\/2021\/10\/IMG_9750Yoga.jpg&#8220; alt=&#8220;Yoga mit ASPASIA LifeStyle&#8220; _builder_version=&#8220;4.16&#8243; _module_preset=&#8220;default&#8220; box_shadow_style_image=&#8220;preset2&#8243; global_colors_info=&#8220;{}&#8220;]<\/p>\n<p>Beginnt am 10. Januar 2022<\/p>\n<p>[\/et_pb_blurb][et_pb_button button_url=&#8220;https:\/\/aspasia-wellness.com\/lp39-tage-yoga-challenge\/&#8220; button_text=&#8220;Mehr Info &#038; DabeiSein&#8220; _builder_version=&#8220;4.17.3&#8243; _module_preset=&#8220;default&#8220; custom_button=&#8220;on&#8220; button_bg_use_color_gradient=&#8220;on&#8220; button_bg_color_gradient_stops=&#8220;#5cd615 0%|#5b4600 100%&#8220; button_bg_color_gradient_start=&#8220;#e06962&#8243; button_bg_color_gradient_end=&#8220;#faebd7&#8243; button_border_width=&#8220;0px&#8220; button_border_radius=&#8220;45px&#8220; button_font=&#8220;|600|||||||&#8220; button_icon=&#8220;&#x37;||divi||400&#8243; hover_enabled=&#8220;0&#8243; button_text_shadow_style=&#8220;preset2&#8243; box_shadow_style=&#8220;preset2&#8243; global_colors_info=&#8220;{}&#8220; button_bg_color=&#8220;#828282&#8243; button_bg_enable_color=&#8220;on&#8220; sticky_enabled=&#8220;0&#8243; button_bg_color_gradient_type=&#8220;elliptical&#8220;][\/et_pb_button][\/et_pb_column][et_pb_column type=&#8220;1_3&#8243; _builder_version=&#8220;4.16&#8243; _module_preset=&#8220;default&#8220; global_colors_info=&#8220;{}&#8220;][et_pb_blurb title=&#8220; Energetic Human Transformations Session &#8220; image=&#8220;https:\/\/aspasia-wellness.com\/wp-content\/uploads\/2018\/09\/0ED068FA-37C2-40F3-A6E6-A0CED3EDA605-e1536591763630.jpeg&#8220; alt=&#8220;Wohlf\u00fchlgeheimwaffe&#8220; _builder_version=&#8220;4.16&#8243; _module_preset=&#8220;default&#8220; child_filter_sepia=&#8220;44%&#8220; box_shadow_style_image=&#8220;preset2&#8243; global_colors_info=&#8220;{}&#8220;]<\/p>\n<p>Dies ist eine indivuelle Sitzung, die Dich unterst\u00fctzt festsitzende Emotionen mittels CQM zu l\u00f6sen und Deine von Natur aus geschenkten Gaben zu verstehen, was Deine St\u00e4rken und Herausforderungen aussagen. Du erh\u00e4ltst ausserdem eine Kundalini oder Vinayasa Power Yoga Praxis, die Deine Gaben unterst\u00fctzt.<\/p>\n<p>&nbsp;<\/p>\n<p>&nbsp;<\/p>\n<p>[\/et_pb_blurb][et_pb_button button_url=&#8220;https:\/\/aspasia-wellness.com\/lp39tage-kundavinya-yoga\/&#8220; button_text=&#8220;Zugang erhalten&#8220; _builder_version=&#8220;4.17.3&#8243; _module_preset=&#8220;default&#8220; custom_button=&#8220;on&#8220; button_bg_use_color_gradient=&#8220;on&#8220; button_bg_color_gradient_stops=&#8220;#5cd615 0%|#5b4600 100%&#8220; button_bg_color_gradient_start=&#8220;#e06962&#8243; button_bg_color_gradient_end=&#8220;#faebd7&#8243; button_border_width=&#8220;0px&#8220; button_border_radius=&#8220;45px&#8220; button_font=&#8220;|600|||||||&#8220; button_icon=&#8220;&#x37;||divi||400&#8243; hover_enabled=&#8220;0&#8243; button_text_shadow_style=&#8220;preset2&#8243; box_shadow_style=&#8220;preset2&#8243; global_colors_info=&#8220;{}&#8220; button_bg_color_gradient_type=&#8220;elliptical&#8220; sticky_enabled=&#8220;0&#8243;][\/et_pb_button][\/et_pb_column][et_pb_column type=&#8220;1_3&#8243; _builder_version=&#8220;4.16&#8243; _module_preset=&#8220;default&#8220; global_colors_info=&#8220;{}&#8220;][et_pb_blurb title=&#8220;Endlich gl\u00fccklich mit Deinem K\u00f6rper und Geist  &#8220; image=&#8220;https:\/\/aspasia-wellness.com\/wp-content\/uploads\/2018\/09\/1F81E18F-40BE-4724-9CCB-A43783FAA2FC.jpeg&#8220; alt=&#8220;Yesfood&#8220; _builder_version=&#8220;4.16&#8243; _module_preset=&#8220;default&#8220; box_shadow_style_image=&#8220;preset2&#8243; global_colors_info=&#8220;{}&#8220;]<\/p>\n<p>Mehr Wohlbefinden durch eine Kombination von gesunder Ern\u00e4hrung und Yoga Praxis f\u00fcr K\u00f6rper, Geist und Seele.<\/p>\n<p>[\/et_pb_blurb][et_pb_button button_url=&#8220;https:\/\/aspasia-wellness.com\/lp39tage-kundavinya-yoga\/&#8220; button_text=&#8220;Zugang erhalten&#8220; _builder_version=&#8220;4.17.3&#8243; _module_preset=&#8220;default&#8220; custom_button=&#8220;on&#8220; button_bg_use_color_gradient=&#8220;on&#8220; button_bg_color_gradient_stops=&#8220;#5cd615 1%|#5b4600 99%&#8220; button_bg_color_gradient_start=&#8220;#e06962&#8243; button_bg_color_gradient_end=&#8220;#faebd7&#8243; button_border_width=&#8220;0px&#8220; button_border_radius=&#8220;45px&#8220; button_font=&#8220;|600|||||||&#8220; button_icon=&#8220;&#x37;||divi||400&#8243; hover_enabled=&#8220;0&#8243; button_text_shadow_style=&#8220;preset2&#8243; box_shadow_style=&#8220;preset2&#8243; global_colors_info=&#8220;{}&#8220; button_bg_color=&#8220;#7c7c7c&#8220; button_bg_enable_color=&#8220;on&#8220; button_bg_color_gradient_type=&#8220;elliptical&#8220; sticky_enabled=&#8220;0&#8243;][\/et_pb_button][\/et_pb_column][\/et_pb_row][et_pb_row column_structure=&#8220;1_2,1_2&#8243; _builder_version=&#8220;4.16&#8243; _module_preset=&#8220;default&#8220; background_image=&#8220;https:\/\/aspasia-wellness.com\/wp-content\/uploads\/2022\/01\/Event-Website-ASPASIA-.png&#8220; mix_blend_mode=&#8220;darken&#8220; global_colors_info=&#8220;{}&#8220;][et_pb_column type=&#8220;1_2&#8243; _builder_version=&#8220;4.16&#8243; _module_preset=&#8220;default&#8220; global_colors_info=&#8220;{}&#8220;][\/et_pb_column][et_pb_column type=&#8220;1_2&#8243; _builder_version=&#8220;4.16&#8243; _module_preset=&#8220;default&#8220; global_colors_info=&#8220;{}&#8220;][\/et_pb_column][\/et_pb_row][\/et_pb_section][et_pb_section fb_built=&#8220;1&#8243; _builder_version=&#8220;4.16&#8243; _module_preset=&#8220;default&#8220; background_color=&#8220;#D2B48C&#8220; global_colors_info=&#8220;{}&#8220;][et_pb_row column_structure=&#8220;1_2,1_2&#8243; _builder_version=&#8220;4.16&#8243; _module_preset=&#8220;default&#8220; global_colors_info=&#8220;{}&#8220;][et_pb_column type=&#8220;1_2&#8243; _builder_version=&#8220;4.16&#8243; _module_preset=&#8220;default&#8220; global_colors_info=&#8220;{}&#8220;][et_pb_signup mailchimp_list=&#8220;ASPASIA Health &#038; WELLNESSLOUNGE|afae954c60&#8243; last_name_field=&#8220;off&#8220; title=&#8220;Tritt meine Community f\u00fcr Gesundheit und ganzheitlichen Wohlbefinden bei !&#8220; button_text=&#8220;Absenden&#8220; description=&#8220;<\/p>\n<p>mehr folgt \ud83d\ude09<\/p>\n<p>&#8220; _builder_version=&#8220;4.17.3&#8243; _module_preset=&#8220;default&#8220; custom_button=&#8220;on&#8220; button_bg_use_color_gradient=&#8220;on&#8220; button_bg_color_gradient_stops=&#8220;#5cd615 0%|#5b4600 99%&#8220; button_bg_color_gradient_start=&#8220;#e06962&#8243; button_bg_color_gradient_end=&#8220;#faebd7&#8243; button_border_width=&#8220;0px&#8220; button_border_radius=&#8220;46px&#8220; button_font=&#8220;|600|||||||&#8220; button_icon=&#8220;&#x39;||divi||400&#8243; hover_enabled=&#8220;0&#8243; header_text_shadow_style=&#8220;preset2&#8243; button_text_shadow_style=&#8220;preset1&#8243; box_shadow_style_button=&#8220;preset2&#8243; global_colors_info=&#8220;{}&#8220; button_bg_color_gradient_type=&#8220;elliptical&#8220; sticky_enabled=&#8220;0&#8243;][\/et_pb_signup][\/et_pb_column][et_pb_column type=&#8220;1_2&#8243; _builder_version=&#8220;4.16&#8243; _module_preset=&#8220;default&#8220; global_colors_info=&#8220;{}&#8220;][et_pb_text _builder_version=&#8220;4.16&#8243; _module_preset=&#8220;default&#8220; global_colors_info=&#8220;{}&#8220;]<\/p>\n<h3>Kontaktiere mich<\/h3>\n<p><strong>Yoga<\/strong><\/p>\n<p><strong>Massage- , sowie Energetische Behandlungen<\/strong>: <\/p>\n<p><strong>Allgemein<\/strong>: health(at)aspasia.ch<\/p>\n<p>Tentlingen 1734 , Dorfmatta 2<\/p>\n<p>&nbsp;<\/p>\n<p>[\/et_pb_text][et_pb_social_media_follow _builder_version=&#8220;4.16&#8243; _module_preset=&#8220;default&#8220; global_colors_info=&#8220;{}&#8220;][et_pb_social_media_follow_network social_network=&#8220;facebook&#8220; url=&#8220;https:\/\/www.facebook.com\/Aspasia.Health.Wellnesslounge&#8220; _builder_version=&#8220;4.16&#8243; _module_preset=&#8220;default&#8220; background_color=&#8220;#3b5998&#8243; global_colors_info=&#8220;{}&#8220; follow_button=&#8220;off&#8220; url_new_window=&#8220;on&#8220;]facebook[\/et_pb_social_media_follow_network][et_pb_social_media_follow_network social_network=&#8220;instagram&#8220; url=&#8220;https:\/\/instagram.com\/aspasialifestyle.geheimwaffe&#8220; _builder_version=&#8220;4.16&#8243; _module_preset=&#8220;default&#8220; background_color=&#8220;#ea2c59&#8243; global_colors_info=&#8220;{}&#8220; follow_button=&#8220;off&#8220; url_new_window=&#8220;on&#8220;]instagram[\/et_pb_social_media_follow_network][et_pb_social_media_follow_network social_network=&#8220;pinterest&#8220; url=&#8220;https:\/\/pinterest.com\/ASPASIA%20LifeStyle&#8220; _builder_version=&#8220;4.16&#8243; _module_preset=&#8220;default&#8220; background_color=&#8220;#cb2027&#8243; global_colors_info=&#8220;{}&#8220; follow_button=&#8220;off&#8220; url_new_window=&#8220;on&#8220;]pinterest[\/et_pb_social_media_follow_network][et_pb_social_media_follow_network social_network=&#8220;telegram&#8220; url=&#8220;https:\/\/t.me\/ASPASIAhealthwellness&#8220; _builder_version=&#8220;4.16&#8243; _module_preset=&#8220;default&#8220; background_color=&#8220;#179cde&#8220; global_colors_info=&#8220;{}&#8220; follow_button=&#8220;off&#8220; url_new_window=&#8220;on&#8220;]telegram[\/et_pb_social_media_follow_network][et_pb_social_media_follow_network social_network=&#8220;linkedin&#8220; url=&#8220;https:\/\/www.linkedin.com\/in\/aspasiadeluxe&#8220; _builder_version=&#8220;4.16&#8243; _module_preset=&#8220;default&#8220; background_color=&#8220;#007bb6&#8243; global_colors_info=&#8220;{}&#8220; follow_button=&#8220;off&#8220; url_new_window=&#8220;on&#8220;]linkedin[\/et_pb_social_media_follow_network][et_pb_social_media_follow_network social_network=&#8220;youtube&#8220; url=&#8220;https:\/\/youtube.com\/channel\/UCuRaCjGW8GtB9A2GvfvGDqg&#8220; _builder_version=&#8220;4.16&#8243; _module_preset=&#8220;default&#8220; background_color=&#8220;#a82400&#8243; global_colors_info=&#8220;{}&#8220; follow_button=&#8220;off&#8220; url_new_window=&#8220;on&#8220;]youtube[\/et_pb_social_media_follow_network][et_pb_social_media_follow_network social_network=&#8220;vimeo&#8220; url=&#8220;https:\/\/vimeo.com\/ASPASIA-Lifestyle&#8220; _builder_version=&#8220;4.16&#8243; _module_preset=&#8220;default&#8220; background_color=&#8220;#45bbff&#8220; global_colors_info=&#8220;{}&#8220; follow_button=&#8220;off&#8220; url_new_window=&#8220;on&#8220;]vimeo[\/et_pb_social_media_follow_network][et_pb_social_media_follow_network social_network=&#8220;meetup&#8220; url=&#8220;https:\/\/meetu.ps\/c\/2YH6Z\/yPGVD\/a&#8220; _builder_version=&#8220;4.16&#8243; _module_preset=&#8220;default&#8220; background_color=&#8220;#e0393e&#8220; global_colors_info=&#8220;{}&#8220; follow_button=&#8220;off&#8220; url_new_window=&#8220;on&#8220;]meetup[\/et_pb_social_media_follow_network][et_pb_social_media_follow_network social_network=&#8220;xing&#8220; _builder_version=&#8220;4.16&#8243; _module_preset=&#8220;default&#8220; background_color=&#8220;#026466&#8243; global_colors_info=&#8220;{}&#8220; follow_button=&#8220;off&#8220; url_new_window=&#8220;on&#8220;]xing[\/et_pb_social_media_follow_network][\/et_pb_social_media_follow][\/et_pb_column][\/et_pb_row][\/et_pb_section][et_pb_section fb_built=&#8220;1&#8243; fullwidth=&#8220;on&#8220; _builder_version=&#8220;4.16&#8243; _module_preset=&#8220;default&#8220; global_colors_info=&#8220;{}&#8220;][\/et_pb_section]<\/p>\n<span class=\"et_bloom_bottom_trigger\"><\/span>","protected":false},"excerpt":{"rendered":"<p>Beginnt am 10. Januar 2022Dies ist eine indivuelle Sitzung, die Dich unterst\u00fctzt festsitzende Emotionen mittels CQM zu l\u00f6sen und Deine von Natur aus geschenkten Gaben zu verstehen, was Deine St\u00e4rken und Herausforderungen aussagen. Du erh\u00e4ltst ausserdem eine Kundalini oder Vinayasa Power Yoga Praxis, die Deine Gaben unterst\u00fctzt. &nbsp; &nbsp;Mehr Wohlbefinden durch eine Kombination von gesunder [&hellip;]<\/p>","protected":false},"author":1,"featured_media":0,"parent":0,"menu_order":0,"comment_status":"closed","ping_status":"closed","template":"","meta":{"_et_pb_use_builder":"on","_et_pb_old_content":"","_et_gb_content_width":"","footnotes":""},"class_list":["post-27230","page","type-page","status-publish","hentry"],"_links":{"self":[{"href":"https:\/\/aspasia-wellness.com\/coming-soon\/under-construction\/en\/wp-json\/wp\/v2\/pages\/27230"}],"collection":[{"href":"https:\/\/aspasia-wellness.com\/coming-soon\/under-construction\/en\/wp-json\/wp\/v2\/pages"}],"about":[{"href":"https:\/\/aspasia-wellness.com\/coming-soon\/under-construction\/en\/wp-json\/wp\/v2\/types\/page"}],"author":[{"embeddable":true,"href":"https:\/\/aspasia-wellness.com\/coming-soon\/under-construction\/en\/wp-json\/wp\/v2\/users\/1"}],"replies":[{"embeddable":true,"href":"https:\/\/aspasia-wellness.com\/coming-soon\/under-construction\/en\/wp-json\/wp\/v2\/comments?post=27230"}],"version-history":[{"count":0,"href":"https:\/\/aspasia-wellness.com\/coming-soon\/under-construction\/en\/wp-json\/wp\/v2\/pages\/27230\/revisions"}],"wp:attachment":[{"href":"https:\/\/aspasia-wellness.com\/coming-soon\/under-construction\/en\/wp-json\/wp\/v2\/media?parent=27230"}],"curies":[{"name":"wp","href":"https:\/\/api.w.org\/{rel}","templated":true}]}}