{"id":27404,"date":"2022-01-18T16:09:56","date_gmt":"2022-01-18T15:09:56","guid":{"rendered":"https:\/\/aspasia-wellness.com\/?page_id=27404"},"modified":"2023-01-25T14:22:16","modified_gmt":"2023-01-25T13:22:16","slug":"yoga-klassen","status":"publish","type":"page","link":"https:\/\/aspasia-wellness.com\/coming-soon\/under-construction\/en\/yoga-klassen\/","title":{"rendered":"Yoga Klassen zum Wohlf\u00fchlen"},"content":{"rendered":"<p>[et_pb_section fb_built=&#8220;1&#8243; admin_label=&#8220;section&#8220; _builder_version=&#8220;4.16&#8243; _module_preset=&#8220;4d0873ea-8234-485d-a528-6ec917d14af4&#8243; background_image=&#8220;https:\/\/aspasia-wellness.com\/wp-content\/uploads\/2018\/03\/IMG_4630.jpg&#8220; global_colors_info=&#8220;{}&#8220;][et_pb_row column_structure=&#8220;1_2,1_2&#8243; admin_label=&#8220;row&#8220; _builder_version=&#8220;4.16&#8243; background_enable_color=&#8220;off&#8220; background_size=&#8220;initial&#8220; background_position=&#8220;top_left&#8220; background_repeat=&#8220;repeat&#8220; animation_style=&#8220;fade&#8220; global_colors_info=&#8220;{}&#8220;][et_pb_column type=&#8220;1_2&#8243; _builder_version=&#8220;4.16&#8243; custom_padding=&#8220;|||&#8220; global_colors_info=&#8220;{}&#8220; custom_padding__hover=&#8220;|||&#8220;][et_pb_cta title=&#8220;Online Yoga Klassen &#8220; button_url=&#8220;https:\/\/aspasia-wellness.com\/vinyasapoweryoga-beginnerl-via-zoom\/&#8220; button_text=&#8220;Mehr Information &#038; Registrierung &#8220; _builder_version=&#8220;4.19.4&#8243; _module_preset=&#8220;default&#8220; header_text_color=&#8220;rgba(0,0,0,0.78)&#8220; background_enable_color=&#8220;off&#8220; custom_button=&#8220;on&#8220; button_bg_use_color_gradient=&#8220;on&#8220; button_bg_color_gradient_type=&#8220;elliptical&#8220; button_bg_color_gradient_stops=&#8220;#5cd615 0%|#5b4600 97%&#8220; button_bg_color_gradient_start=&#8220;#e06962&#8243; button_bg_color_gradient_end=&#8220;#faebd7&#8243; button_border_width=&#8220;0px&#8220; button_border_radius=&#8220;43px&#8220; button_font=&#8220;|600|||||||&#8220; button_icon=&#8220;&#x39;||divi||400&#8243; button_alignment=&#8220;center&#8220; background_layout=&#8220;light&#8220; link_option_url=&#8220;https:\/\/aspasia-wellness.com\/produkt-kategorie\/online-live-yoga-classe\/&#8220; hover_enabled=&#8220;0&#8243; header_text_shadow_style=&#8220;preset2&#8243; button_text_shadow_style=&#8220;preset2&#8243; box_shadow_style_button=&#8220;preset2&#8243; global_colors_info=&#8220;{}&#8220; sticky_enabled=&#8220;0&#8243;]<\/p>\n<p>Hier kannst Du an w\u00f6chentlichen Yoga Klassen entweder in Kundalini Yoga oder Vinyasa Power Yoga f\u00fcr Beginners teilnehmen.<\/p>\n<p>Online Stream ist <strong>Dienstag<\/strong> <strong>8:45 bis 10:00Uhr<\/strong> und am<strong> Mittwoch um 21:00 bis 22:15 Uhr.<\/strong><\/p>\n<p>&nbsp;<\/p>\n<p>&nbsp;<\/p>\n<p>[\/et_pb_cta][\/et_pb_column][et_pb_column type=&#8220;1_2&#8243; _builder_version=&#8220;4.16&#8243; custom_padding=&#8220;|||&#8220; global_colors_info=&#8220;{}&#8220; custom_padding__hover=&#8220;|||&#8220;][et_pb_image src=&#8220;https:\/\/aspasia-wellness.com\/wp-content\/uploads\/2021\/10\/IMG_9750Yoga.jpg&#8220; alt=&#8220;Yoga mit ASPASIA LifeStyle&#8220; title_text=&#8220;39 Tage Klarheit mit Kundalini &#038; Vinayasa Power Yoga&#8220; url=&#8220;https:\/\/aspasia-wellness.com\/produkt-kategorie\/online-live-yoga-classe\/&#8220; _builder_version=&#8220;4.16&#8243; _module_preset=&#8220;default&#8220; box_shadow_style=&#8220;preset2&#8243; global_colors_info=&#8220;{}&#8220;][\/et_pb_image][\/et_pb_column][\/et_pb_row][et_pb_row _builder_version=&#8220;4.16&#8243; _module_preset=&#8220;default&#8220; global_colors_info=&#8220;{}&#8220;][et_pb_column type=&#8220;4_4&#8243; _builder_version=&#8220;4.16&#8243; _module_preset=&#8220;default&#8220; global_colors_info=&#8220;{}&#8220;][et_pb_divider show_divider=&#8220;off&#8220; _builder_version=&#8220;4.16&#8243; _module_preset=&#8220;default&#8220; global_colors_info=&#8220;{}&#8220;][\/et_pb_divider][et_pb_text _builder_version=&#8220;4.16&#8243; _module_preset=&#8220;default&#8220; header_font=&#8220;Vollkorn SC||||||||&#8220; link_option_url=&#8220;#&#8220; header_text_shadow_style=&#8220;preset2&#8243; global_colors_info=&#8220;{}&#8220;]<\/p>\n<h1 style=\"text-align: center;\">N\u00e4chste Events<\/h1>\n<p>[\/et_pb_text][et_pb_divider show_divider=&#8220;off&#8220; _builder_version=&#8220;4.16&#8243; _module_preset=&#8220;default&#8220; global_colors_info=&#8220;{}&#8220;][\/et_pb_divider][\/et_pb_column][\/et_pb_row][et_pb_row column_structure=&#8220;1_3,1_3,1_3&#8243; _builder_version=&#8220;4.16&#8243; _module_preset=&#8220;default&#8220; global_colors_info=&#8220;{}&#8220;][et_pb_column type=&#8220;1_3&#8243; _builder_version=&#8220;4.16&#8243; _module_preset=&#8220;default&#8220; global_colors_info=&#8220;{}&#8220;][et_pb_blurb title=&#8220;W\u00f6chentlich Online Klassen&#8220; url=&#8220;https:\/\/aspasia-wellness.com\/produkt-kategorie\/online-live-yoga-classe\/&#8220; image=&#8220;https:\/\/aspasia-wellness.com\/wp-content\/uploads\/2021\/10\/IMG_0335.jpg&#8220; alt=&#8220;ASPASIA Yogaflow&#8220; _builder_version=&#8220;4.16&#8243; _module_preset=&#8220;default&#8220; link_option_url=&#8220;https:\/\/aspasia-wellness.com\/produkt-kategorie\/online-live-yoga-classe\/&#8220; box_shadow_style_image=&#8220;preset2&#8243; global_colors_info=&#8220;{}&#8220;]Lerne und erlebe Dein Yoga in meinen Yoga Klassen<br \/>\n[\/et_pb_blurb][et_pb_button button_url=&#8220;https:\/\/aspasia-wellness.com\/produkt-kategorie\/online-live-yoga-classe\/&#8220; url_new_window=&#8220;on&#8220; button_text=&#8220;Zugang erhalten &#8220; _builder_version=&#8220;4.17.1&#8243; _module_preset=&#8220;default&#8220; custom_button=&#8220;on&#8220; button_bg_use_color_gradient=&#8220;on&#8220; button_bg_color_gradient_type=&#8220;elliptical&#8220; button_bg_color_gradient_stops=&#8220;#5cd615 0%|#5b4600 98%&#8220; button_bg_color_gradient_start=&#8220;#e06962&#8243; button_bg_color_gradient_end=&#8220;#faebd7&#8243; button_border_width=&#8220;0px&#8220; button_border_radius=&#8220;41px&#8220; button_font=&#8220;|600|||||||&#8220; button_icon=&#8220;&#x39;||divi||400&#8243; button_text_shadow_style=&#8220;preset2&#8243; box_shadow_style=&#8220;preset2&#8243; global_colors_info=&#8220;{}&#8220;][\/et_pb_button][\/et_pb_column][et_pb_column type=&#8220;1_3&#8243; _builder_version=&#8220;4.16&#8243; _module_preset=&#8220;default&#8220; global_colors_info=&#8220;{}&#8220;][et_pb_blurb title=&#8220;Energetic Human Transformations Session&#8220; image=&#8220;https:\/\/aspasia-wellness.com\/wp-content\/uploads\/2018\/05\/IMG_5843-e1527634341871.jpg&#8220; alt=&#8220;Wohlf\u00fchlen nat\u00fcrlich gesund&#8220; _builder_version=&#8220;4.16&#8243; _module_preset=&#8220;default&#8220; link_option_url=&#8220;#&#8220; box_shadow_style_image=&#8220;preset2&#8243; global_colors_info=&#8220;{}&#8220;]<\/p>\n<p>Eine individuelle Sitzung, die Dich unterst\u00fctzt festsitzende Emotionen mittels CQM zu l\u00f6sen und Deine von Natur aus geschenkten Gaben zu verstehen, was Deine \u00a0St\u00e4rken und Herausforderungen aussagen. \u00a0Du erh\u00e4ltst ausserdem eine Kundalini und Vinyasa Power Yoga Praxis, die Deine Gaben unterst\u00fctzt.<\/p>\n<p>[\/et_pb_blurb][et_pb_button button_url=&#8220;#&#8220; button_text=&#8220;Zugang erhalten &#8220; _builder_version=&#8220;4.17.1&#8243; _module_preset=&#8220;default&#8220; custom_button=&#8220;on&#8220; button_bg_use_color_gradient=&#8220;on&#8220; button_bg_color_gradient_type=&#8220;elliptical&#8220; button_bg_color_gradient_stops=&#8220;#5cd615 0%|#5b4600 98%&#8220; button_bg_color_gradient_start=&#8220;#e06962&#8243; button_bg_color_gradient_end=&#8220;#faebd7&#8243; button_border_width=&#8220;0px&#8220; button_border_radius=&#8220;41px&#8220; button_font=&#8220;|600|||||||&#8220; button_icon=&#8220;&#x39;||divi||400&#8243; button_text_shadow_style=&#8220;preset2&#8243; box_shadow_style=&#8220;preset2&#8243; global_colors_info=&#8220;{}&#8220;][\/et_pb_button][\/et_pb_column][et_pb_column type=&#8220;1_3&#8243; _builder_version=&#8220;4.16&#8243; _module_preset=&#8220;default&#8220; global_colors_info=&#8220;{}&#8220;][et_pb_blurb title=&#8220;Endlich einfach Du &#8211; endlich gl\u00fccklich &#8220; image=&#8220;https:\/\/aspasia-wellness.com\/wp-content\/uploads\/2021\/08\/IMG_Lachen.jpg&#8220; alt=&#8220;Lachen und Wohlbefinden&#8220; _builder_version=&#8220;4.16&#8243; _module_preset=&#8220;default&#8220; link_option_url=&#8220;#&#8220; box_shadow_style_image=&#8220;preset2&#8243; global_colors_info=&#8220;{}&#8220;]Mehr Wohlbefinden durch eine Kombination von gesunder Ern\u00e4hrung, Yoga und energetischer Transformation f\u00fcr K\u00f6rper, Geist und Seele.<\/p>\n<p>&nbsp;<br \/>\n[\/et_pb_blurb][et_pb_button button_url=&#8220;#&#8220; button_text=&#8220;Zugang erhalten &#8220; _builder_version=&#8220;4.17.1&#8243; _module_preset=&#8220;default&#8220; custom_button=&#8220;on&#8220; button_bg_use_color_gradient=&#8220;on&#8220; button_bg_color_gradient_type=&#8220;elliptical&#8220; button_bg_color_gradient_stops=&#8220;#5cd615 0%|#5b4600 99%&#8220; button_bg_color_gradient_start=&#8220;#e06962&#8243; button_bg_color_gradient_end=&#8220;#faebd7&#8243; button_border_width=&#8220;0px&#8220; button_border_radius=&#8220;41px&#8220; button_font=&#8220;|600|||||||&#8220; button_icon=&#8220;&#x39;||divi||400&#8243; button_text_shadow_style=&#8220;preset2&#8243; box_shadow_style=&#8220;preset2&#8243; global_colors_info=&#8220;{}&#8220;][\/et_pb_button][\/et_pb_column][\/et_pb_row][\/et_pb_section][et_pb_section fb_built=&#8220;1&#8243; _builder_version=&#8220;4.16&#8243; _module_preset=&#8220;default&#8220; use_background_color_gradient=&#8220;on&#8220; background_color_gradient_stops=&#8220;#fffaf0 0%|#d2b48c 100%&#8220; background_color_gradient_start=&#8220;#fffaf0&#8243; background_color_gradient_end=&#8220;#d2b48c&#8220; global_colors_info=&#8220;{}&#8220;][et_pb_row _builder_version=&#8220;4.16&#8243; _module_preset=&#8220;default&#8220; background_enable_color=&#8220;off&#8220; use_background_color_gradient=&#8220;on&#8220; background_color_gradient_stops=&#8220;#faebd7 0%|#d2b48c 100%&#8220; background_color_gradient_start=&#8220;#faebd7&#8243; background_color_gradient_end=&#8220;#d2b48c&#8220; custom_margin=&#8220;65px|auto||auto||&#8220; global_colors_info=&#8220;{}&#8220;][et_pb_column type=&#8220;4_4&#8243; _builder_version=&#8220;4.16&#8243; _module_preset=&#8220;default&#8220; global_colors_info=&#8220;{}&#8220;][et_pb_divider show_divider=&#8220;off&#8220; _builder_version=&#8220;4.16&#8243; _module_preset=&#8220;default&#8220; global_colors_info=&#8220;{}&#8220;][\/et_pb_divider][et_pb_text _builder_version=&#8220;4.16&#8243; _module_preset=&#8220;default&#8220; header_text_align=&#8220;center&#8220; header_2_font=&#8220;Vollkorn SC||||||||&#8220; background_color=&#8220;RGBA(255,255,255,0)&#8220; header_text_shadow_style=&#8220;preset2&#8243; header_2_text_shadow_style=&#8220;preset2&#8243; global_colors_info=&#8220;{}&#8220;]<\/p>\n<h2 style=\"text-align: center;\">Lasse uns in Kontakt kommen!<\/h2>\n<p>[\/et_pb_text][et_pb_divider show_divider=&#8220;off&#8220; _builder_version=&#8220;4.16&#8243; _module_preset=&#8220;default&#8220; background_color=&#8220;RGBA(255,255,255,0)&#8220; global_colors_info=&#8220;{}&#8220;][\/et_pb_divider][\/et_pb_column][\/et_pb_row][et_pb_row column_structure=&#8220;1_2,1_2&#8243; _builder_version=&#8220;4.16&#8243; _module_preset=&#8220;default&#8220; background_enable_color=&#8220;off&#8220; global_colors_info=&#8220;{}&#8220;][et_pb_column type=&#8220;1_2&#8243; _builder_version=&#8220;4.16&#8243; _module_preset=&#8220;default&#8220; global_colors_info=&#8220;{}&#8220;][et_pb_signup mailchimp_list=&#8220;Mailchimp|d555bf0bcb&#8220; title=&#8220;Komme in meine Community &#8220; button_text=&#8220;Absenden&#8220; description=&#8220;<\/p>\n<p>Erhalte Deine Anti Stress Meditation, eine gef\u00fchrte Yoga Klasse, PDFS mit Yoga Asanas, Rezepte und mehr!<\/p>\n<p>&#8220; _builder_version=&#8220;4.17.1&#8243; _module_preset=&#8220;default&#8220; header_level=&#8220;h3&#8243; header_font=&#8220;|600|||||||&#8220; background_enable_color=&#8220;off&#8220; custom_button=&#8220;on&#8220; button_bg_use_color_gradient=&#8220;on&#8220; button_bg_color_gradient_type=&#8220;elliptical&#8220; button_bg_color_gradient_stops=&#8220;#5cd615 0%|#5b4600 99%&#8220; button_bg_color_gradient_start=&#8220;#e06962&#8243; button_bg_color_gradient_end=&#8220;#faebd7&#8243; button_border_width=&#8220;0px&#8220; button_border_radius=&#8220;38px&#8220; button_font=&#8220;|600|||||||&#8220; button_icon=&#8220;&#x39;||divi||400&#8243; background_layout=&#8220;light&#8220; header_text_shadow_style=&#8220;preset2&#8243; button_text_shadow_style=&#8220;preset2&#8243; box_shadow_style_button=&#8220;preset2&#8243; global_colors_info=&#8220;{}&#8220;][\/et_pb_signup][\/et_pb_column][et_pb_column type=&#8220;1_2&#8243; _builder_version=&#8220;4.16&#8243; _module_preset=&#8220;default&#8220; global_colors_info=&#8220;{}&#8220;][et_pb_text _builder_version=&#8220;4.17.1&#8243; _module_preset=&#8220;default&#8220; text_text_color=&#8220;#5B4600&#8243; header_text_color=&#8220;#000000&#8243; header_2_text_color=&#8220;#000000&#8243; header_3_font=&#8220;|600|||||||&#8220; header_3_text_color=&#8220;#000000&#8243; background_layout=&#8220;dark&#8220; header_3_text_shadow_style=&#8220;preset5&#8243; global_colors_info=&#8220;{}&#8220;]<\/p>\n<h3><\/h3>\n<h3><\/h3>\n<h3><\/h3>\n<h3><\/h3>\n<h3><span style=\"color: #333333;\">Kontaktiere mich<\/span><\/h3>\n<p><strong>\u00a0Yoga:<\/strong> <a href=\"mailto:yoga@aspasia\">yoga@aspasia.ch<\/a><\/p>\n<p><strong>Massage, sowie Energetische Behandlungen:<\/strong> <\/p>\n<p>Allgemein: health@aspasia.ch<\/p>\n<p>&nbsp;<\/p>\n<p>&nbsp;<\/p>\n<p>[\/et_pb_text][et_pb_social_media_follow _builder_version=&#8220;4.16&#8243; _module_preset=&#8220;default&#8220; global_colors_info=&#8220;{}&#8220;][et_pb_social_media_follow_network social_network=&#8220;facebook&#8220; url=&#8220;https:\/\/www.facebook.com\/ASPASIA.Health.Wellnesslounge\/&#8220; _builder_version=&#8220;4.16&#8243; _module_preset=&#8220;default&#8220; background_color=&#8220;#3b5998&#8243; global_colors_info=&#8220;{}&#8220; follow_button=&#8220;off&#8220; url_new_window=&#8220;on&#8220;]facebook[\/et_pb_social_media_follow_network][et_pb_social_media_follow_network social_network=&#8220;youtube&#8220; url=&#8220;https:\/\/youtube.com\/channel\/UCuRaCjGW8GtB9A2GvfvGDqg&#8220; _builder_version=&#8220;4.16&#8243; _module_preset=&#8220;default&#8220; background_color=&#8220;#a82400&#8243; global_colors_info=&#8220;{}&#8220; follow_button=&#8220;off&#8220; url_new_window=&#8220;on&#8220;]youtube[\/et_pb_social_media_follow_network][et_pb_social_media_follow_network social_network=&#8220;telegram&#8220; url=&#8220;https:\/\/t.me\/ASPASIAhealthwellness&#8220; _builder_version=&#8220;4.16&#8243; _module_preset=&#8220;default&#8220; background_color=&#8220;#179cde&#8220; global_colors_info=&#8220;{}&#8220; follow_button=&#8220;off&#8220; url_new_window=&#8220;on&#8220;]telegram[\/et_pb_social_media_follow_network][et_pb_social_media_follow_network social_network=&#8220;pinterest&#8220; url=&#8220;https:\/\/pinterest.com\/ASPASIALifeStyle&#8220; _builder_version=&#8220;4.16&#8243; _module_preset=&#8220;default&#8220; background_color=&#8220;#cb2027&#8243; global_colors_info=&#8220;{}&#8220; follow_button=&#8220;off&#8220; url_new_window=&#8220;on&#8220;]pinterest[\/et_pb_social_media_follow_network][et_pb_social_media_follow_network social_network=&#8220;instagram&#8220; url=&#8220;https:\/\/instagram.com\/aspasialifestyle.geheimwaffe&#8220; _builder_version=&#8220;4.16&#8243; _module_preset=&#8220;default&#8220; background_color=&#8220;#ea2c59&#8243; global_colors_info=&#8220;{}&#8220; follow_button=&#8220;off&#8220; url_new_window=&#8220;on&#8220;]instagram[\/et_pb_social_media_follow_network][et_pb_social_media_follow_network social_network=&#8220;linkedin&#8220; url=&#8220;https:\/\/www.linkedin.com\/in\/aspasiadeluxe&#8220; _builder_version=&#8220;4.16&#8243; _module_preset=&#8220;default&#8220; background_color=&#8220;#007bb6&#8243; global_colors_info=&#8220;{}&#8220; follow_button=&#8220;off&#8220; url_new_window=&#8220;on&#8220;]linkedin[\/et_pb_social_media_follow_network][et_pb_social_media_follow_network social_network=&#8220;meetup&#8220; url=&#8220;https:\/\/meetu.ps\/c\/2YH6Z\/yPGVD\/a&#8220; _builder_version=&#8220;4.16&#8243; _module_preset=&#8220;default&#8220; background_color=&#8220;#e0393e&#8220; global_colors_info=&#8220;{}&#8220; follow_button=&#8220;off&#8220; url_new_window=&#8220;on&#8220;]meetup[\/et_pb_social_media_follow_network][et_pb_social_media_follow_network social_network=&#8220;vimeo&#8220; url=&#8220;https:\/\/vimeo.com\/ASPASIA-Lifestyle&#8220; _builder_version=&#8220;4.16&#8243; _module_preset=&#8220;default&#8220; background_color=&#8220;#45bbff&#8220; global_colors_info=&#8220;{}&#8220; follow_button=&#8220;off&#8220; url_new_window=&#8220;on&#8220;]vimeo[\/et_pb_social_media_follow_network][\/et_pb_social_media_follow][\/et_pb_column][\/et_pb_row][\/et_pb_section]<\/p>\n<span class=\"et_bloom_bottom_trigger\"><\/span>","protected":false},"excerpt":{"rendered":"<p>Hier kannst Du an w\u00f6chentlichen Yoga Klassen entweder in Kundalini Yoga oder Vinyasa Power Yoga f\u00fcr Beginners teilnehmen. Online Stream ist Dienstag 8:45 bis 10:00Uhr und am Mittwoch um 21:00 bis 22:15 Uhr. &nbsp; &nbsp;N\u00e4chste Events Lerne und erlebe Dein Yoga in meinen Yoga Klassen Eine individuelle Sitzung, die Dich unterst\u00fctzt festsitzende Emotionen mittels CQM [&hellip;]<\/p>","protected":false},"author":1,"featured_media":0,"parent":0,"menu_order":0,"comment_status":"closed","ping_status":"closed","template":"","meta":{"_et_pb_use_builder":"on","_et_pb_old_content":"","_et_gb_content_width":"","footnotes":""},"class_list":["post-27404","page","type-page","status-publish","hentry"],"_links":{"self":[{"href":"https:\/\/aspasia-wellness.com\/coming-soon\/under-construction\/en\/wp-json\/wp\/v2\/pages\/27404"}],"collection":[{"href":"https:\/\/aspasia-wellness.com\/coming-soon\/under-construction\/en\/wp-json\/wp\/v2\/pages"}],"about":[{"href":"https:\/\/aspasia-wellness.com\/coming-soon\/under-construction\/en\/wp-json\/wp\/v2\/types\/page"}],"author":[{"embeddable":true,"href":"https:\/\/aspasia-wellness.com\/coming-soon\/under-construction\/en\/wp-json\/wp\/v2\/users\/1"}],"replies":[{"embeddable":true,"href":"https:\/\/aspasia-wellness.com\/coming-soon\/under-construction\/en\/wp-json\/wp\/v2\/comments?post=27404"}],"version-history":[{"count":0,"href":"https:\/\/aspasia-wellness.com\/coming-soon\/under-construction\/en\/wp-json\/wp\/v2\/pages\/27404\/revisions"}],"wp:attachment":[{"href":"https:\/\/aspasia-wellness.com\/coming-soon\/under-construction\/en\/wp-json\/wp\/v2\/media?parent=27404"}],"curies":[{"name":"wp","href":"https:\/\/api.w.org\/{rel}","templated":true}]}}