{"id":25423,"date":"2020-04-23T16:24:11","date_gmt":"2020-04-23T14:24:11","guid":{"rendered":"https:\/\/aspasia-wellness.com\/?page_id=25423"},"modified":"2022-08-08T23:51:42","modified_gmt":"2022-08-08T21:51:42","slug":"cqm","status":"publish","type":"page","link":"https:\/\/aspasia-wellness.com\/coming-soon\/under-construction\/cqm\/","title":{"rendered":"CQM &#8211; Einfach leichter Leben"},"content":{"rendered":"<p>[et_pb_section fb_built=&#8220;1&#8243; _builder_version=&#8220;4.16&#8243; background_image=&#8220;https:\/\/aspasia-wellness.com\/wp-content\/uploads\/2020\/04\/IMG_3651.jpg&#8220; parallax=&#8220;on&#8220; filter_contrast=&#8220;101%&#8220; filter_sepia=&#8220;24%&#8220; mix_blend_mode=&#8220;soft-light&#8220; global_colors_info=&#8220;{}&#8220;][et_pb_row _builder_version=&#8220;4.16&#8243; background_size=&#8220;initial&#8220; background_position=&#8220;top_left&#8220; background_repeat=&#8220;repeat&#8220; global_colors_info=&#8220;{}&#8220;][et_pb_column type=&#8220;4_4&#8243; _builder_version=&#8220;4.16&#8243; custom_padding=&#8220;|||&#8220; global_colors_info=&#8220;{}&#8220; custom_padding__hover=&#8220;|||&#8220;][et_pb_cta title=&#8220; CQM &#8211; Einfach leichter Leben&#8220; button_text=&#8220;Einfach leichter Leben&#8220; admin_label=&#8220;Handlungsaufruf &#8211; lerne CQM kennen&#8220; _builder_version=&#8220;4.16&#8243; header_font=&#8220;Taviraj||||||||&#8220; header_font_size=&#8220;49px&#8220; body_font_size=&#8220;18&#8243; use_background_color=&#8220;off&#8220; animation_style=&#8220;zoom&#8220; header_text_shadow_style=&#8220;preset2&#8243; text_shadow_style=&#8220;preset2&#8243; global_colors_info=&#8220;{}&#8220; button_text_size__hover_enabled=&#8220;off&#8220; button_one_text_size__hover_enabled=&#8220;off&#8220; button_two_text_size__hover_enabled=&#8220;off&#8220; button_text_color__hover_enabled=&#8220;off&#8220; button_one_text_color__hover_enabled=&#8220;off&#8220; button_two_text_color__hover_enabled=&#8220;off&#8220; button_border_width__hover_enabled=&#8220;off&#8220; button_one_border_width__hover_enabled=&#8220;off&#8220; button_two_border_width__hover_enabled=&#8220;off&#8220; button_border_color__hover_enabled=&#8220;off&#8220; button_one_border_color__hover_enabled=&#8220;off&#8220; button_two_border_color__hover_enabled=&#8220;off&#8220; button_border_radius__hover_enabled=&#8220;off&#8220; button_one_border_radius__hover_enabled=&#8220;off&#8220; button_two_border_radius__hover_enabled=&#8220;off&#8220; button_letter_spacing__hover_enabled=&#8220;off&#8220; button_one_letter_spacing__hover_enabled=&#8220;off&#8220; button_two_letter_spacing__hover_enabled=&#8220;off&#8220; button_bg_color__hover_enabled=&#8220;off&#8220; button_one_bg_color__hover_enabled=&#8220;off&#8220; button_two_bg_color__hover_enabled=&#8220;off&#8220;]<\/p>\n<p>in der ASPASIA HEALTH &amp; WELLNESSLOUNGE<\/p>\n<p>[\/et_pb_cta][et_pb_text _builder_version=&#8220;4.16&#8243; header_font=&#8220;Taviraj||||||||&#8220; header_text_color=&#8220;#ffffff&#8220; header_text_shadow_style=&#8220;preset2&#8243; global_colors_info=&#8220;{}&#8220;]<\/p>\n<h1 style=\"text-align: center;\">Lerne das Geheimnis von CQM kennen<\/h1>\n<p>[\/et_pb_text][et_pb_divider show_divider=&#8220;off&#8220; _builder_version=&#8220;4.16&#8243; global_colors_info=&#8220;{}&#8220;][\/et_pb_divider][\/et_pb_column][\/et_pb_row][\/et_pb_section][et_pb_section fb_built=&#8220;1&#8243; _builder_version=&#8220;4.16&#8243; background_image=&#8220;https:\/\/aspasia-wellness.com\/wp-content\/uploads\/2018\/03\/IMG_4630.jpg&#8220; parallax=&#8220;on&#8220; global_colors_info=&#8220;{}&#8220;][et_pb_row column_structure=&#8220;1_2,1_2&#8243; _builder_version=&#8220;4.16&#8243; background_size=&#8220;initial&#8220; background_position=&#8220;top_left&#8220; background_repeat=&#8220;repeat&#8220; global_colors_info=&#8220;{}&#8220;][et_pb_column type=&#8220;1_2&#8243; _builder_version=&#8220;4.16&#8243; custom_padding=&#8220;|||&#8220; global_colors_info=&#8220;{}&#8220; custom_padding__hover=&#8220;|||&#8220;][et_pb_text _builder_version=&#8220;4.16&#8243; header_3_font=&#8220;Taviraj||||||||&#8220; global_colors_info=&#8220;{}&#8220;]<\/p>\n<h3 style=\"text-align: center;\">DAS ONLINE FILM FESTIVAL vom 22. &#8211; 26. April 2020 von Pantaray. TV<\/h3>\n<p style=\"text-align: center;\">Hier wird die Chinesische Quantum Methode und ihre Begr\u00fcnderin vorgestellt.<\/p>\n<p style=\"text-align: center;\">Ich freue mich Dir diesen Trailer f\u00fcr diesen Dokumentarfilm hier vorstellen zu k\u00f6nnen. \u00a0Zum abspielen einfach auf den Playbutton tippen bzw. klicken.&#x1f33a;<\/p>\n<p>[\/et_pb_text][et_pb_code _builder_version=&#8220;4.16&#8243; animation_style=&#8220;slide&#8220; box_shadow_style=&#8220;preset2&#8243; global_colors_info=&#8220;{}&#8220;]<iframe loading=\"lazy\" width=\"560\" height=\"315\" src=\"https:\/\/www.pantaray.tv\/embed\/?id=210&#038;ref=5e9f184bd1c2d\"><\/iframe><!-- [et_pb_line_break_holder] -->[\/et_pb_code][et_pb_text _builder_version=&#8220;4.16&#8243; text_font_size=&#8220;18&#8243; global_colors_info=&#8220;{}&#8220;]<\/p>\n<h4 style=\"text-align: center;\">Die Geschichte<\/h4>\n<p style=\"text-align: center;\">CQM ist die Kombination aus vielen tausend Jahre alten Chinesischen Weisheiten und nat\u00fcrlicher, menschlicher Energiekonzepte und den neuesten Erkenntnissen der Quantenfeldtheorien.<\/p>\n<p style=\"text-align: center;\">Aus diesen Entdeckungen nat\u00fcrlicher Zusammenh\u00e4nge wurde dieses fortschrittliche und wirkungsvolle weltweite Ver\u00e4nderungskozept entwickelt.<\/p>\n<p style=\"text-align: center;\">\n<h4><\/h4>\n<p>[\/et_pb_text][et_pb_image align_tablet=&#8220;center&#8220; align_phone=&#8220;&#8220; align_last_edited=&#8220;on|desktop&#8220; _builder_version=&#8220;4.16&#8243; global_colors_info=&#8220;{}&#8220;][\/et_pb_image][\/et_pb_column][et_pb_column type=&#8220;1_2&#8243; _builder_version=&#8220;4.16&#8243; custom_padding=&#8220;|||&#8220; global_colors_info=&#8220;{}&#8220; custom_padding__hover=&#8220;|||&#8220;][et_pb_text _builder_version=&#8220;4.16&#8243; text_font_size=&#8220;18px&#8220; global_colors_info=&#8220;{}&#8220;]<\/p>\n<h3 style=\"text-align: center;\">Was macht CQM so einzigartig<\/h3>\n<p style=\"text-align: center;\">&#x2714;&#xfe0f;CQM ist \u00a0einzigartig leicht erlern- und anwendbar.<\/p>\n<p style=\"text-align: center;\">&#x2714;&#xfe0f; CQM funktioniert leihenhaft erkl\u00e4rt wie Blootooth.<\/p>\n<p style=\"text-align: center;\">&#x2714;&#xfe0f; CQM \u00fcberwindet Materie.<\/p>\n<p style=\"text-align: center;\">&#x2714;&#xfe0f; CQM kann das Leben leichter machen.<\/p>\n<p style=\"text-align: center;\">&#x2714;&#xfe0f; CQM ist \u00fcberall anwendbar.<\/p>\n<h2><\/h2>\n<p>[\/et_pb_text][et_pb_image align_tablet=&#8220;center&#8220; align_phone=&#8220;&#8220; align_last_edited=&#8220;on|desktop&#8220; _builder_version=&#8220;4.16&#8243; global_colors_info=&#8220;{}&#8220;][\/et_pb_image][et_pb_text _builder_version=&#8220;4.16&#8243; text_font_size=&#8220;18px&#8220; global_colors_info=&#8220;{}&#8220;]<\/p>\n<h4 style=\"text-align: center;\">Durchf\u00fchrung &amp; Anwendungsgebiete<\/h4>\n<p style=\"text-align: center;\">\n<p style=\"text-align: center;\">Mit der CQM Chinesischen Quantum Methode findest L\u00f6sungen in Deinen Leben \u00a0f\u00fcr Probleme dort, wo Du sie niemals vermutet h\u00e4ttest.<\/p>\n<p style=\"text-align: center;\">Du erkennst Zusammenh\u00e4nge, welche Du nie vorher so betrachtet hast.<\/p>\n<p style=\"text-align: center;\">Es k\u00f6nnen <strong>Ursachen, Symptome<\/strong> von <strong>k\u00f6rperlichen Beschwerden<\/strong> &#8211; und nicht nur die, sondern auch die von <strong>Beziehungs- und gesch\u00e4ftlichen Problemen<\/strong> tiefenwirksam und auch nachhaltig <strong>neutralisiert<\/strong> werden.<\/p>\n<p style=\"text-align: center;\">[\/et_pb_text][\/et_pb_column][\/et_pb_row][\/et_pb_section][et_pb_section fb_built=&#8220;1&#8243; _builder_version=&#8220;4.16&#8243; background_image=&#8220;https:\/\/aspasia-wellness.com\/wp-content\/uploads\/2020\/04\/rennstrecke-flach.jpg&#8220; parallax=&#8220;on&#8220; global_colors_info=&#8220;{}&#8220;][et_pb_row column_structure=&#8220;1_2,1_2&#8243; _builder_version=&#8220;4.16&#8243; background_size=&#8220;initial&#8220; background_position=&#8220;top_left&#8220; background_repeat=&#8220;repeat&#8220; global_colors_info=&#8220;{}&#8220;][et_pb_column type=&#8220;1_2&#8243; _builder_version=&#8220;4.16&#8243; custom_padding=&#8220;|||&#8220; global_colors_info=&#8220;{}&#8220; custom_padding__hover=&#8220;|||&#8220;][\/et_pb_column][et_pb_column type=&#8220;1_2&#8243; _builder_version=&#8220;4.16&#8243; custom_padding=&#8220;|||&#8220; global_colors_info=&#8220;{}&#8220; custom_padding__hover=&#8220;|||&#8220;][et_pb_cta title=&#8220;Wie DU mit CQM  neues Wohlbefinden erleben kannst&#8220; button_url=&#8220;https:\/\/app.shedul.com\/online_bookings\/18403\/link\/&#8220; button_text=&#8220;Hier gleich Deine CQM Session  sichern&#8220; _builder_version=&#8220;4.17.6&#8243; header_font=&#8220;|600|||||||&#8220; header_font_size=&#8220;36&#8243; use_background_color=&#8220;off&#8220; custom_button=&#8220;on&#8220; button_text_size=&#8220;18px&#8220; button_text_color=&#8220;#ffffff&#8220; button_bg_use_color_gradient=&#8220;on&#8220; button_bg_color_gradient_stops=&#8220;#5cd615 0%|#faebd7 100%&#8220; button_bg_color_gradient_start=&#8220;#e06962&#8243; button_bg_color_gradient_end=&#8220;#faebd7&#8243; button_border_width=&#8220;0&#8243; button_border_radius=&#8220;45&#8243; button_font=&#8220;Arial|600|||||||&#8220; animation_style=&#8220;zoom&#8220; hover_enabled=&#8220;0&#8243; header_text_shadow_style=&#8220;preset2&#8243; button_text_shadow_style=&#8220;preset2&#8243; box_shadow_style_button=&#8220;preset2&#8243; text_shadow_style=&#8220;preset2&#8243; global_colors_info=&#8220;{}&#8220; button_text_size__hover_enabled=&#8220;off&#8220; button_one_text_size__hover_enabled=&#8220;off&#8220; button_two_text_size__hover_enabled=&#8220;off&#8220; button_text_color__hover_enabled=&#8220;off&#8220; button_one_text_color__hover_enabled=&#8220;off&#8220; button_two_text_color__hover_enabled=&#8220;off&#8220; button_border_width__hover_enabled=&#8220;off&#8220; button_one_border_width__hover_enabled=&#8220;off&#8220; button_two_border_width__hover_enabled=&#8220;off&#8220; button_border_color__hover_enabled=&#8220;off&#8220; button_one_border_color__hover_enabled=&#8220;off&#8220; button_two_border_color__hover_enabled=&#8220;off&#8220; button_border_radius__hover_enabled=&#8220;off&#8220; button_one_border_radius__hover_enabled=&#8220;off&#8220; button_two_border_radius__hover_enabled=&#8220;off&#8220; button_letter_spacing__hover_enabled=&#8220;off&#8220; button_one_letter_spacing__hover_enabled=&#8220;off&#8220; button_two_letter_spacing__hover_enabled=&#8220;off&#8220; button_bg_color__hover_enabled=&#8220;off&#8220; button_one_bg_color__hover_enabled=&#8220;off&#8220; button_two_bg_color__hover_enabled=&#8220;off&#8220; button_bg_color_gradient_type=&#8220;elliptical&#8220; sticky_enabled=&#8220;0&#8243;][\/et_pb_cta][\/et_pb_column][\/et_pb_row][\/et_pb_section][et_pb_section fb_built=&#8220;1&#8243; _builder_version=&#8220;4.16&#8243; use_background_color_gradient=&#8220;on&#8220; background_color_gradient_stops=&#8220;#fffaf0 0%|#faebd7 100%&#8220; background_color_gradient_start=&#8220;#fffaf0&#8243; background_color_gradient_end=&#8220;#faebd7&#8243; parallax=&#8220;on&#8220; filter_opacity=&#8220;66%&#8220; global_colors_info=&#8220;{}&#8220;][et_pb_row _builder_version=&#8220;4.16&#8243; global_colors_info=&#8220;{}&#8220;][et_pb_column type=&#8220;4_4&#8243; _builder_version=&#8220;4.16&#8243; custom_padding=&#8220;|||&#8220; global_colors_info=&#8220;{}&#8220; custom_padding__hover=&#8220;|||&#8220;][et_pb_divider show_divider=&#8220;off&#8220; _builder_version=&#8220;4.16&#8243; global_colors_info=&#8220;{}&#8220;][\/et_pb_divider][\/et_pb_column][\/et_pb_row][et_pb_row _builder_version=&#8220;4.16&#8243; global_colors_info=&#8220;{}&#8220;][et_pb_column type=&#8220;4_4&#8243; _builder_version=&#8220;4.16&#8243; custom_padding=&#8220;|||&#8220; global_colors_info=&#8220;{}&#8220; custom_padding__hover=&#8220;|||&#8220;][et_pb_text _builder_version=&#8220;4.16&#8243; header_2_font=&#8220;Taviraj|600|||||||&#8220; header_2_text_shadow_style=&#8220;preset2&#8243; global_colors_info=&#8220;{}&#8220;]<\/p>\n<p>&nbsp;<\/p>\n<h2 style=\"text-align: center;\">CQM Erlebnisabende<\/h2>\n<h5 style=\"text-align: center;\">Du willst mehr zu CQM erfahren? Du w\u00fcnschst Dir vielleicht sogar selbst diese Methode erlernen, um es f\u00fcr Dich oder Deine Liebsten f\u00fcr das bew\u00e4ltigen von Herausforderungen des Lebens anwenden zu k\u00f6nnen?<\/h5>\n<p style=\"text-align: center;\">Auf wirkungsvolle, spannende und unterhaltsame Art pr\u00e4sentiert Gabriele Eckert die Wirkungsweise von CQM. Sie demonstriert direkt die verbl\u00fcffende Wirkung der Methode bei Alltagsproblemen unterschiedlichster Art bei den Teilnehmern dieses Abends und beantwortet zahlreiche Fragen. Du w\u00fcnschst Dir Methoden und Wege kennen zu lernen, welche Dich bei der L\u00f6sung von Herausforderungen im Leben auf sehr effektvoll unterst\u00fctzen? \u00a0Was w\u00e4re, wenn allein schon an diesem Abend vielleicht eines Deiner Probleme gel\u00f6st wird?<\/p>\n<p style=\"text-align: center;\">Dann solltest Du solch ein Erlebnisabend oder Seminar besuchen, denn die Chinesische Quantum Methode ist so eine Methode.<\/p>\n<p>[\/et_pb_text][et_pb_button button_url=&#8220;https:\/\/www.cqm-hypervoyager.de\/events\/erlebnisabende-gabriele-eckert\/&#8220; button_text=&#8220;Termine &#038; Anmeldung &#8220; button_alignment=&#8220;center&#8220; _builder_version=&#8220;4.17.6&#8243; custom_button=&#8220;on&#8220; button_text_size=&#8220;18px&#8220; button_bg_use_color_gradient=&#8220;on&#8220; button_bg_color_gradient_stops=&#8220;#5cd615 44%|#fffaf0 100%&#8220; button_bg_color_gradient_start=&#8220;#e06962&#8243; button_bg_color_gradient_end=&#8220;#fffaf0&#8243; button_border_width=&#8220;0px&#8220; button_border_radius=&#8220;67px&#8220; button_font=&#8220;Arial|600|||||||&#8220; hover_enabled=&#8220;0&#8243; button_text_shadow_style=&#8220;preset2&#8243; box_shadow_style=&#8220;preset2&#8243; global_colors_info=&#8220;{}&#8220; button_bg_color_gradient_type=&#8220;elliptical&#8220; sticky_enabled=&#8220;0&#8243;][\/et_pb_button][et_pb_divider show_divider=&#8220;off&#8220; _builder_version=&#8220;4.16&#8243; global_colors_info=&#8220;{}&#8220;][\/et_pb_divider][et_pb_text _builder_version=&#8220;4.16&#8243; header_2_font=&#8220;Taviraj||||||||&#8220; header_2_text_shadow_style=&#8220;preset2&#8243; global_colors_info=&#8220;{}&#8220;]<\/p>\n<h2 style=\"text-align: center;\">CQM Austauschgruppe &#8211; \u00dcbung macht den Meister<\/h2>\n<p style=\"text-align: center;\">\u00dcBUNG macht den Meister und wie jeder wei\u00df, braucht Erfolg regelm\u00e4ssiges Training. \u00a0Was w\u00e4re, wenn wir spielerisch trainieren? F\u00fcr regelm\u00e4ssiges Training braucht es viel Anwendung, Wissen und auch Spass, daher habe ich mich entschlossen, eine CQM Austauschgruppe zu gr\u00fcnden. Aus meiner eigenen Erfahrung, nach 2 Tagen Seminar kann ich sagen, dass dann h\u00e4ufig zu Hause Fragen, wie : &#8222;Mache ich das richtig so ?&#8220; auftreten. Hier geben Dir solche CQM Austauschgruppe \u00a0Antworten und Du kannst Dich in aller Ruhe mit den Teilnehmnern austauschen. Hier unterst\u00fctzen sich alle gegenseitig.<\/p>\n<p style=\"text-align: center;\">Die Austauschgruppe findet f\u00fcr <strong>ausschliesslich mindestens CQM I<\/strong> Besucher<strong> jeden 2. Freitag im Monat<\/strong> statt und dies ausschliesslich<strong> online.<\/strong><\/p>\n<p style=\"text-align: center;\">Melde Dich dazu per Email an!<\/p>\n<p style=\"text-align: center;\">Um regelm\u00e4\u00dfige Informationen zur CQM Austauschgruppe und zu Terminen zu erhalten, trage Dich in meinen NEWSLETTER f\u00fcr CQMler ein.<\/p>\n<p>[\/et_pb_text][et_pb_divider show_divider=&#8220;off&#8220; _builder_version=&#8220;4.16&#8243; global_colors_info=&#8220;{}&#8220;][\/et_pb_divider][et_pb_signup title=&#8220;ANMELDUNG f\u00fcr die CQM Austauschgruppe &#8211; Nur f\u00fcr CQMler !&#8220; button_text=&#8220;Anmelden&#8220; description=&#8220;<\/p>\n<p>Deine Emailadresse ist bei mir sicher. Ich mag selber auch keine Spam`s!<\/p>\n<p>&#8220; _builder_version=&#8220;4.17.6&#8243; result_message_text_align=&#8220;center&#8220; custom_button=&#8220;on&#8220; button_bg_use_color_gradient=&#8220;on&#8220; button_bg_color_gradient_stops=&#8220;#5cd615 40%|#fffaf0 100%&#8220; button_bg_color_gradient_start=&#8220;#e06962&#8243; button_bg_color_gradient_end=&#8220;#fffaf0&#8243; button_border_width=&#8220;0px&#8220; button_border_radius=&#8220;45px&#8220; button_font=&#8220;Arial|600|||||||&#8220; text_orientation=&#8220;center&#8220; hover_enabled=&#8220;0&#8243; result_message_text_shadow_style=&#8220;preset2&#8243; button_text_shadow_style=&#8220;preset2&#8243; box_shadow_style_button=&#8220;preset2&#8243; text_shadow_style=&#8220;preset2&#8243; global_colors_info=&#8220;{}&#8220; button_bg_color_gradient_type=&#8220;elliptical&#8220; sticky_enabled=&#8220;0&#8243;][\/et_pb_signup][et_pb_text _builder_version=&#8220;4.16&#8243; header_2_font=&#8220;Taviraj|600|||||||&#8220; header_2_text_shadow_style=&#8220;preset2&#8243; global_colors_info=&#8220;{}&#8220;]<\/p>\n<h2 style=\"text-align: center;\">Buchtipp<\/h2>\n<p>[\/et_pb_text][et_pb_blurb title=&#8220;Wenn Fische fliegen&#8230;&#8220; url=&#8220;https:\/\/www.amazon.de\/gp\/product\/3942534002\/ref=as_li_tl?ie=UTF8&#038;camp=1638&#038;creative=6742&#038;creativeASIN=3942534002&#038;linkCode=as2&#038;tag=wwwhealthscan-21&#038;linkId=3137c1c01bf98fc4c3568dd10f28db1f&#8220; image=&#8220;https:\/\/aspasia-wellness.com\/wp-content\/uploads\/2020\/04\/IMG_GabrieleEckertFische-scaled.jpg&#8220; admin_label=&#8220;Buchtipp&#8220; _builder_version=&#8220;4.16&#8243; header_font=&#8220;Taviraj|||||on|||&#8220; header_text_align=&#8220;center&#8220; animation_style=&#8220;slide&#8220; box_shadow_style=&#8220;preset2&#8243; global_colors_info=&#8220;{}&#8220;]<\/p>\n<p style=\"text-align: center;\">Ein spannendes Buch zur Chinesischen Quantum Methode. \u00a0In diesem Buch erz\u00e4hlt die Begr\u00fcnderin, wie sie die Methode entdeckte.<\/p>\n<p style=\"text-align: center;\">Jeder Mensch versucht seinen Computer virenfrei zu halten. Doch tun wir das auch mit uns?<\/p>\n<p style=\"text-align: center;\">Was ist mit unseren Programmierungen und wo haben sich &#8222;Viren&#8220; eingenistet?<\/p>\n<p style=\"text-align: center;\">Die Chinesische Quantum Methode unterst\u00fctzt uns &#8222;Viren&#8220; aufzusp\u00fcren und unterst\u00fctzt uns sie auf einfache Weise zu neutralisieren.<\/p>\n<p style=\"text-align: center;\">Du kannst das Buch mit einem Tipp aufs Bild bestellen.<\/p>\n<p style=\"text-align: center;\">[\/et_pb_blurb][et_pb_button button_url=&#8220;https:\/\/www.amazon.de\/gp\/product\/3942534002\/ref=as_li_tl?ie=UTF8&#038;camp=1638&#038;creative=6742&#038;creativeASIN=3942534002&#038;linkCode=as2&#038;tag=wwwhealthscan-21&#038;linkId=3137c1c01bf98fc4c3568dd10f28db1f&#8220; button_text=&#8220;Buch Hier  bestellen &#8220; button_alignment=&#8220;center&#8220; _builder_version=&#8220;4.17.6&#8243; custom_button=&#8220;on&#8220; button_bg_use_color_gradient=&#8220;on&#8220; button_bg_color_gradient_stops=&#8220;#5cd615 42%|#fffaf0 100%&#8220; button_bg_color_gradient_start=&#8220;#e06962&#8243; button_bg_color_gradient_end=&#8220;#fffaf0&#8243; button_border_width=&#8220;0px&#8220; button_border_radius=&#8220;49px&#8220; button_font=&#8220;Arial|600|||||||&#8220; animation_style=&#8220;zoom&#8220; hover_enabled=&#8220;0&#8243; button_text_shadow_style=&#8220;preset2&#8243; box_shadow_style=&#8220;preset2&#8243; global_colors_info=&#8220;{}&#8220; button_bg_color_gradient_type=&#8220;elliptical&#8220; sticky_enabled=&#8220;0&#8243;][\/et_pb_button][\/et_pb_column][\/et_pb_row][\/et_pb_section]<\/p>\n<span class=\"et_bloom_bottom_trigger\"><\/span>","protected":false},"excerpt":{"rendered":"<p>in der ASPASIA HEALTH &amp; WELLNESSLOUNGELerne das Geheimnis von CQM kennenDAS ONLINE FILM FESTIVAL vom 22. &#8211; 26. April 2020 von Pantaray. TV Hier wird die Chinesische Quantum Methode und ihre Begr\u00fcnderin vorgestellt. Ich freue mich Dir diesen Trailer f\u00fcr diesen Dokumentarfilm hier vorstellen zu k\u00f6nnen. \u00a0Zum abspielen einfach auf den Playbutton tippen bzw. klicken.&#x1f33a;Die [&hellip;]<\/p>\n","protected":false},"author":1,"featured_media":0,"parent":0,"menu_order":0,"comment_status":"closed","ping_status":"closed","template":"","meta":{"_et_pb_use_builder":"on","_et_pb_old_content":"","_et_gb_content_width":"","footnotes":""},"class_list":["post-25423","page","type-page","status-publish","hentry"],"_links":{"self":[{"href":"https:\/\/aspasia-wellness.com\/coming-soon\/under-construction\/wp-json\/wp\/v2\/pages\/25423"}],"collection":[{"href":"https:\/\/aspasia-wellness.com\/coming-soon\/under-construction\/wp-json\/wp\/v2\/pages"}],"about":[{"href":"https:\/\/aspasia-wellness.com\/coming-soon\/under-construction\/wp-json\/wp\/v2\/types\/page"}],"author":[{"embeddable":true,"href":"https:\/\/aspasia-wellness.com\/coming-soon\/under-construction\/wp-json\/wp\/v2\/users\/1"}],"replies":[{"embeddable":true,"href":"https:\/\/aspasia-wellness.com\/coming-soon\/under-construction\/wp-json\/wp\/v2\/comments?post=25423"}],"version-history":[{"count":0,"href":"https:\/\/aspasia-wellness.com\/coming-soon\/under-construction\/wp-json\/wp\/v2\/pages\/25423\/revisions"}],"wp:attachment":[{"href":"https:\/\/aspasia-wellness.com\/coming-soon\/under-construction\/wp-json\/wp\/v2\/media?parent=25423"}],"curies":[{"name":"wp","href":"https:\/\/api.w.org\/{rel}","templated":true}]}}