{"id":25858,"date":"2021-01-07T17:07:04","date_gmt":"2021-01-07T16:07:04","guid":{"rendered":"https:\/\/aspasia-wellness.com\/?page_id=25858"},"modified":"2022-02-11T15:59:38","modified_gmt":"2022-02-11T14:59:38","slug":"specials-2","status":"publish","type":"page","link":"https:\/\/aspasia-wellness.com\/coming-soon\/under-construction\/specials-2\/","title":{"rendered":"Specials"},"content":{"rendered":"<p>[et_pb_section fb_built=&#8220;1&#8243; _builder_version=&#8220;4.14.7&#8243; _module_preset=&#8220;default&#8220; background_image=&#8220;https:\/\/aspasia-wellness.com\/wp-content\/uploads\/2022\/02\/Die-Health-Wellnesslounge-Header-specials-header-neutral-6.png&#8220; height=&#8220;479px&#8220; hover_enabled=&#8220;0&#8243; global_colors_info=&#8220;{}&#8220; title_text=&#8220;Die Health-Wellnesslounge Header specials header neutral (6)&#8220; sticky_enabled=&#8220;0&#8243;][et_pb_row _builder_version=&#8220;4.7.4&#8243; _module_preset=&#8220;default&#8220; global_colors_info=&#8220;{}&#8220;][et_pb_column type=&#8220;4_4&#8243; _builder_version=&#8220;4.7.4&#8243; _module_preset=&#8220;default&#8220; global_colors_info=&#8220;{}&#8220;][et_pb_text _builder_version=&#8220;4.7.4&#8243; _module_preset=&#8220;default&#8220; text_font=&#8220;Arial||||||||&#8220; text_font_size=&#8220;26px&#8220; text_orientation=&#8220;center&#8220; background_layout=&#8220;dark&#8220; text_text_shadow_style=&#8220;preset2&#8243; text_text_shadow_color=&#8220;#5b4600&#8243; global_colors_info=&#8220;{}&#8220;][\/et_pb_text][et_pb_text _builder_version=&#8220;4.7.4&#8243; _module_preset=&#8220;default&#8220; text_font=&#8220;Taviraj|600|||||||&#8220; text_font_size=&#8220;32px&#8220; text_letter_spacing=&#8220;10px&#8220; text_orientation=&#8220;center&#8220; background_layout=&#8220;dark&#8220; text_text_shadow_style=&#8220;preset2&#8243; text_text_shadow_color=&#8220;#5b4600&#8243; global_colors_info=&#8220;{}&#8220; min_height=&#8220;75px&#8220;]<\/p>\n<p>HEALTH &amp; WELLNESSLOUNGE<\/p>\n<p>[\/et_pb_text][et_pb_divider show_divider=&#8220;off&#8220; _builder_version=&#8220;4.7.4&#8243; _module_preset=&#8220;default&#8220; global_colors_info=&#8220;{}&#8220;][\/et_pb_divider][et_pb_text _builder_version=&#8220;4.14.7&#8243; _module_preset=&#8220;default&#8220; text_font=&#8220;Arial|900|||||||&#8220; text_font_size=&#8220;22px&#8220; text_orientation=&#8220;center&#8220; background_layout=&#8220;dark&#8220; hover_enabled=&#8220;0&#8243; text_text_shadow_style=&#8220;preset2&#8243; text_text_shadow_color=&#8220;#5b4600&#8243; global_colors_info=&#8220;{}&#8220; sticky_enabled=&#8220;0&#8243;]<\/p>\n<p>Sonderangebote<\/p>\n<p>[\/et_pb_text][et_pb_text _builder_version=&#8220;4.7.4&#8243; _module_preset=&#8220;default&#8220; text_font=&#8220;Arial||||||||&#8220; text_font_size=&#8220;26px&#8220; text_orientation=&#8220;center&#8220; background_layout=&#8220;dark&#8220; text_text_shadow_style=&#8220;preset2&#8243; text_text_shadow_color=&#8220;#5b4600&#8243; global_colors_info=&#8220;{}&#8220;][\/et_pb_text][\/et_pb_column][\/et_pb_row][\/et_pb_section][et_pb_section fb_built=&#8220;1&#8243; _builder_version=&#8220;4.14.2&#8243; _module_preset=&#8220;default&#8220; use_background_color_gradient=&#8220;on&#8220; background_color_gradient_start=&#8220;#ffffff&#8220; background_color_gradient_end=&#8220;#fffaf0&#8243; background_enable_image=&#8220;off&#8220; parallax=&#8220;on&#8220; global_colors_info=&#8220;{}&#8220;][et_pb_row _builder_version=&#8220;4.7.4&#8243; _module_preset=&#8220;default&#8220; global_colors_info=&#8220;{}&#8220;][et_pb_column type=&#8220;4_4&#8243; _builder_version=&#8220;4.7.4&#8243; _module_preset=&#8220;default&#8220; global_colors_info=&#8220;{}&#8220;][et_pb_text _builder_version=&#8220;4.7.7&#8243; _module_preset=&#8220;default&#8220; text_font=&#8220;Arial|600|||||||&#8220; text_font_size=&#8220;16px&#8220; text_orientation=&#8220;center&#8220; global_colors_info=&#8220;{}&#8220;]<\/p>\n<p style=\"text-align: center;\">Hier habe ich f\u00fcr Dich meine Sonderangebote f\u00fcr mehr Wohlbefinden zusammengetragen. \u00a0Wie w\u00e4re es, wenn Du \u00a0Deinen Liebsten einfach etwas f\u00fcr mehr Wohlbefinden schenkst?<\/p>\n<p style=\"text-align: center;\">Erlebe mit einzigartigen Produkten von Firmen, welche sehr viel Wert auf eine sehr nat\u00fcrliche und gesunde Wirkungsweise, einen ressourcenschonenden Umgang mit unserer Natur legen und sich schon viele Jahre erfolgreich auf dem Welt-Markt etabliert haben, ein noch nie dagewesenes Wohlbefinden.\u00a0<\/p>\n<p style=\"text-align: center;\">Mit Produkten, welche ich selbst schon viele Jahre erfolgreich nutze.<\/p>\n<p style=\"text-align: center;\">Ich w\u00fcnsche Dir viel Spass beim entdecken! &#x1f970;<\/p>\n<p>[\/et_pb_text][\/et_pb_column][\/et_pb_row][\/et_pb_section][et_pb_section fb_built=&#8220;1&#8243; _builder_version=&#8220;4.14.7&#8243; _module_preset=&#8220;default&#8220; background_image=&#8220;https:\/\/aspasia-wellness.com\/wp-content\/uploads\/2022\/02\/gesschenke.png&#8220; min_height=&#8220;969px&#8220; hover_enabled=&#8220;0&#8243; global_colors_info=&#8220;{}&#8220; title_text=&#8220;gesschenke&#8220; sticky_enabled=&#8220;0&#8243;][et_pb_row column_structure=&#8220;1_6,1_6,1_6,1_6,1_6,1_6&#8243; _builder_version=&#8220;4.14.2&#8243; _module_preset=&#8220;default&#8220; background_color=&#8220;rgba(255,255,255,0.69)&#8220; global_colors_info=&#8220;{}&#8220;][et_pb_column type=&#8220;1_6&#8243; _builder_version=&#8220;4.7.4&#8243; _module_preset=&#8220;default&#8220; global_colors_info=&#8220;{}&#8220;][et_pb_blurb title=&#8220;Hanzz+Heidii&#8220; image=&#8220;https:\/\/aspasia-wellness.com\/wp-content\/uploads\/2020\/12\/IMG_HundHman.jpg&#8220; _builder_version=&#8220;4.13.0&#8243; _module_preset=&#8220;default&#8220; header_font=&#8220;|600||||on|||&#8220; link_option_url=&#8220;https:\/\/shop.hanzzandheidii.com\/1828615&#8243; box_shadow_style_image=&#8220;preset2&#8243; global_colors_info=&#8220;{}&#8220;]<\/p>\n<p style=\"text-align: left;\">Die einzigartige vegane Pflegeserie f\u00fcr Sie &amp; Ihn &#x1f331; mit dem<\/p>\n<p style=\"text-align: left;\">\u2619 Magic Swiss Code \u2767 und \u2619 WOW \u2767 Effekt<\/p>\n<p style=\"text-align: left;\">\u2713 multifunktional<\/p>\n<p style=\"text-align: left;\">\u2713 reaktiviert die Hautfunktionen<\/p>\n<p style=\"text-align: left;\">\u2713 wirkt Alterungserscheinungen entgegen<\/p>\n<p style=\"text-align: left;\">\u2745 mit Stammzellen von Edelweiss &amp; Schneealge<\/p>\n<p style=\"text-align: left;\">OHNE Aluminium<\/p>\n<p style=\"text-align: left;\">MIT Blaulichtfilter, UV Schutz<\/p>\n<p style=\"text-align: left;\">Produktein\u00fchrung von Regenerize \u2661 (Skin-Regenerationcreme f\u00fcr Narbengewebe und Dehnungsstreifen)<\/p>\n<p style=\"text-align: left;\">und das Skin detox Selection mit Rose-Quartz Gesichtsroller.<\/p>\n<p style=\"text-align: left;\">[\/et_pb_blurb][et_pb_button button_url=&#8220;https:\/\/shop.hanzzandheidii.com\/1828615&#8243; button_text=&#8220;Shoppen &#8220; _builder_version=&#8220;4.7.4&#8243; _module_preset=&#8220;default&#8220; custom_button=&#8220;on&#8220; button_bg_use_color_gradient=&#8220;on&#8220; button_bg_color_gradient_start=&#8220;#e06962&#8243; button_bg_color_gradient_end=&#8220;#faebd7&#8243; button_border_width=&#8220;0px&#8220; button_border_radius=&#8220;38px&#8220; button_font=&#8220;Arial||||||||&#8220; button_text_shadow_style=&#8220;preset2&#8243; box_shadow_style=&#8220;preset2&#8243; global_colors_info=&#8220;{}&#8220;][\/et_pb_button][\/et_pb_column][et_pb_column type=&#8220;1_6&#8243; _builder_version=&#8220;4.7.4&#8243; _module_preset=&#8220;default&#8220; global_colors_info=&#8220;{}&#8220;][et_pb_blurb title=&#8220;Einzigartigstes Premium Omega 3 mit VitaminK2 und D3&#8243; image=&#8220;https:\/\/aspasia-wellness.com\/wp-content\/uploads\/2022\/02\/omega-3-Febrruar22.png&#8220; alt=&#8220;omega3 Valentin &#8220; _builder_version=&#8220;4.14.7&#8243; _module_preset=&#8220;default&#8220; header_font=&#8220;|600||||on|||&#8220; link_option_url=&#8220;https:\/\/eqology.com\/ch\/5696789\/product\/unsere-produkte-ch\/health-for-christmas-small-pack-ch\/&#8220; hover_enabled=&#8220;0&#8243; box_shadow_style_image=&#8220;preset2&#8243; global_colors_info=&#8220;{}&#8220; sticky_enabled=&#8220;0&#8243; title_text=&#8220;omega 3 Febrruar22&#8243;]<\/p>\n<p style=\"text-align: left;\">Das <strong>nat\u00fcrlichste<\/strong> Premium<a href=\"https:\/\/aspasia-wellness.com\/warum-omega3-fuer-unser-wohlbefinden-so-unverzichtbar-ist\/\" title=\"Omega 3\"> Omega 3<\/a> mit einem <strong>Geschmacks AWARD \u00a0<\/strong>und \u00a0besten TOTOXWERT \u00a0hat erneut den Geschmacks Award verliehen bekommen und daher <strong>schenkt EQ im Februar<\/strong> allen, die ein PURE ARRCTIC OIL GOLD bestellen eine <strong>Packung Vitamin D3\/K2 gratis dazu.\u00a0<\/strong><\/p>\n<p style=\"text-align: left;\">Tue Dir und vielleicht Deiner Familie etwas richtig Gutes f\u00fcr Deine \/ Eure Gesundheit.<\/p>\n<p style=\"text-align: left;\">Zum kaufen klicke einfach auf das Fettgedruckte in rot!<\/p>\n<p style=\"text-align: left;\"><strong><a href=\"https:\/\/eqology.com\/ch\/5696789\/product\/unsere-produkte-ch\/omega-3-ch\/pure-arctic-oil-gold-mit-2-omega-3-test-6-mon-subskription-ch\/\">PURE ARCTIC OIL GOLD \u00a06 Monatsabo mit 2 Tests<\/a><\/strong><\/p>\n<p style=\"text-align: left;\"><strong><a href=\"https:\/\/eqology.com\/de\/5696789\/product\/unsere-produkte-de\/pure-arctic-oil-gold-mit-1-omega-3-test-6-mon-subskription-de\/\">PURE ARCTIC OIL GOLD \u00a06 Monatsabo mit 1 Test<\/a><\/strong><\/p>\n<p style=\"text-align: left;\"><a href=\"https:\/\/eqology.com\/de\/5696789\/product\/unsere-produkte-de\/pure-arctic-oil-gold-6-mon-subskription-de\/\">PURE ARCTIC OIL GOLD \u00a06 Monatsabo ohne Test\u00a0<\/a><\/p>\n<p style=\"text-align: left;\"><a href=\"https:\/\/eqology.com\/de\/5696789\/product\/unsere-produkte-de\/pure-arctic-oil-gold-de\/\">PURE ARCTIC OIL GOLD \u00a0Einzelbestellung<\/a><\/p>\n<p style=\"text-align: left;\">Ein MUST f\u00fcr JEDEN der auf ein langes gesundes Leben ( Herz- und Hirngesundheit) wert legt!<\/p>\n<p style=\"text-align: left;\">\u2713 MSC zertifiziert<\/p>\n<p style=\"text-align: left;\">\u2713 wohlscchmeckend<\/p>\n<p style=\"text-align: left;\">\u2713 ressourcenschonend gewonnen<\/p>\n<p style=\"text-align: left;\">\u00a0Das einzigste leckerster und wirkungsvollste Fisch\u00f6l was nicht nach &#x1f41f;, sondern richtig lecker \u00a0schmeckt!&#x1f60b;<\/p>\n<p style=\"text-align: left;\">Ein einzigartiges Fr\u00fchlings &#8211; Special!<\/p>\n<p style=\"text-align: left;\">Noch mehr f\u00fcr Deine Gesundheit und Wohlbefinden.<\/p>\n<p>[\/et_pb_blurb][et_pb_button button_url=&#8220;https:\/\/eqology.com\/de\/5696789\/product\/unsere-produkte-de\/pure-arctic-oil-gold-de\/&#8220; button_text=&#8220;Shoppen einzel &#8220; _builder_version=&#8220;4.14.7&#8243; _module_preset=&#8220;default&#8220; custom_button=&#8220;on&#8220; button_bg_color=&#8220;#939393&#8243; button_bg_use_color_gradient=&#8220;on&#8220; button_bg_color_gradient_start=&#8220;#e06962&#8243; button_bg_color_gradient_end=&#8220;#faebd7&#8243; button_border_width=&#8220;0px&#8220; button_border_radius=&#8220;47px&#8220; hover_enabled=&#8220;0&#8243; button_text_shadow_style=&#8220;preset2&#8243; box_shadow_style=&#8220;preset2&#8243; global_colors_info=&#8220;{}&#8220; sticky_enabled=&#8220;0&#8243;][\/et_pb_button][et_pb_button button_url=&#8220;https:\/\/eqology.com\/de\/5696789\/product\/unsere-produkte-de\/pure-arctic-oil-gold-mit-1-omega-3-test-6-mon-subskription-de\/&#8220; button_text=&#8220;Shoppen mit nur 1 Test&#8220; _builder_version=&#8220;4.14.7&#8243; _module_preset=&#8220;default&#8220; custom_button=&#8220;on&#8220; button_bg_color=&#8220;#939393&#8243; button_bg_use_color_gradient=&#8220;on&#8220; button_bg_color_gradient_start=&#8220;#e06962&#8243; button_bg_color_gradient_end=&#8220;#faebd7&#8243; button_border_width=&#8220;0px&#8220; button_border_radius=&#8220;47px&#8220; hover_enabled=&#8220;0&#8243; button_text_shadow_style=&#8220;preset2&#8243; box_shadow_style=&#8220;preset2&#8243; global_colors_info=&#8220;{}&#8220; sticky_enabled=&#8220;0&#8243;][\/et_pb_button][et_pb_button button_url=&#8220;https:\/\/eqology.com\/de\/5696789\/product\/unsere-produkte-de\/pure-arctic-oil-gold-mit-2-omega-3-test-6-mon-subskription-de\/&#8220; button_text=&#8220;Shoppen mit 2 Tests &#8220; _builder_version=&#8220;4.14.7&#8243; _module_preset=&#8220;default&#8220; custom_button=&#8220;on&#8220; button_bg_color=&#8220;#939393&#8243; button_bg_use_color_gradient=&#8220;on&#8220; button_bg_color_gradient_start=&#8220;#e06962&#8243; button_bg_color_gradient_end=&#8220;#faebd7&#8243; button_border_width=&#8220;0px&#8220; button_border_radius=&#8220;47px&#8220; hover_enabled=&#8220;0&#8243; button_text_shadow_style=&#8220;preset2&#8243; box_shadow_style=&#8220;preset2&#8243; global_colors_info=&#8220;{}&#8220; sticky_enabled=&#8220;0&#8243;][\/et_pb_button][\/et_pb_column][et_pb_column type=&#8220;1_6&#8243; _builder_version=&#8220;4.7.4&#8243; _module_preset=&#8220;default&#8220; global_colors_info=&#8220;{}&#8220;][et_pb_blurb title=&#8220;LifeWave  &#8211; KLEBEN &#038; ERLEBEN  &#8211; derzeit  kein Spezial &#8220; url=&#8220;https:\/\/lifewave.com\/healthscansystem&#8220; image=&#8220;https:\/\/aspasia-wellness.com\/wp-content\/uploads\/2020\/12\/IMG_weihnachtslifew2-scaled.jpg&#8220; _builder_version=&#8220;4.13.0&#8243; _module_preset=&#8220;default&#8220; header_font=&#8220;|600||||on|||&#8220; box_shadow_style_image=&#8220;preset2&#8243; global_colors_info=&#8220;{}&#8220;]<\/p>\n<p style=\"text-align: left;\">Die revolution\u00e4ren Patches f\u00fcr die schnelle Schmerzbehandlung, Stressbeseitigung, besseren Schlaf und STAMMZELLaktivierung auf Basis der nat\u00fcrlichen <strong>Phototherapie<\/strong> ( eine Variante der tradtionellen und zukunftstr\u00e4chtigen Frequenzemedizin). <a href=\"https:\/\/aspasia-wellness.com\/wohlfuehlen-mit-leichtigkeit-durch-die-nutzung-der-kraft-des-lichtes-mit-lifewave\/\">Mehr erfahre hier..<\/a><\/p>\n<p>[\/et_pb_blurb][et_pb_button button_url=&#8220;https:\/\/lifewave.com\/healthscansystem\/&#8220; button_text=&#8220;Shoppen&#8220; _builder_version=&#8220;4.7.4&#8243; _module_preset=&#8220;default&#8220; custom_button=&#8220;on&#8220; button_bg_use_color_gradient=&#8220;on&#8220; button_bg_color_gradient_start=&#8220;#e06962&#8243; button_bg_color_gradient_end=&#8220;#faebd7&#8243; button_border_width=&#8220;0px&#8220; button_border_radius=&#8220;43px&#8220; button_text_shadow_style=&#8220;preset2&#8243; box_shadow_style=&#8220;preset2&#8243; global_colors_info=&#8220;{}&#8220;][\/et_pb_button][\/et_pb_column][et_pb_column type=&#8220;1_6&#8243; _builder_version=&#8220;4.7.4&#8243; _module_preset=&#8220;default&#8220; global_colors_info=&#8220;{}&#8220;][et_pb_blurb title=&#8220;Valentins Tag Gutscheine &#8220; url=&#8220;https:\/\/bit.ly\/2dpfg49&#8243; image=&#8220;https:\/\/aspasia-wellness.com\/wp-content\/uploads\/2022\/02\/CHF-20000-Valentine-pdf.jpg&#8220; alt=&#8220;Energetische Wirbels\u00e4ulenkorrektur &#8220; _builder_version=&#8220;4.14.7&#8243; _module_preset=&#8220;default&#8220; header_font=&#8220;|600||||on|||&#8220; hover_enabled=&#8220;0&#8243; box_shadow_style_image=&#8220;preset2&#8243; global_colors_info=&#8220;{}&#8220; sticky_enabled=&#8220;0&#8243; title_text=&#8220;CHF 200,00 Valentine&#8220;]<\/p>\n<p style=\"text-align: left;\">\u2713 Hole Dir hier noch Dein Valentins Tag Geschenk Gutschein im Wert von:<\/p>\n<p style=\"text-align: left;\">\n<p style=\"text-align: left;\">\n<p style=\"text-align: left;\">\n<p style=\"text-align: left;\">[\/et_pb_blurb][et_pb_button button_url=&#8220;https:\/\/bit.ly\/2dpfg49&#8243; button_text=&#8220;Shoppen &#8220; _builder_version=&#8220;4.14.7&#8243; _module_preset=&#8220;default&#8220; custom_button=&#8220;on&#8220; button_bg_use_color_gradient=&#8220;on&#8220; button_bg_color_gradient_start=&#8220;#e06962&#8243; button_bg_color_gradient_end=&#8220;#faebd7&#8243; button_border_width=&#8220;0px&#8220; button_border_radius=&#8220;48px&#8220; hover_enabled=&#8220;0&#8243; button_text_shadow_style=&#8220;preset2&#8243; box_shadow_style=&#8220;preset2&#8243; global_colors_info=&#8220;{}&#8220; sticky_enabled=&#8220;0&#8243;][\/et_pb_button][et_pb_divider show_divider=&#8220;off&#8220; _builder_version=&#8220;4.9.4&#8243; _module_preset=&#8220;default&#8220; global_colors_info=&#8220;{}&#8220;][\/et_pb_divider][et_pb_divider show_divider=&#8220;off&#8220; _builder_version=&#8220;4.9.4&#8243; _module_preset=&#8220;default&#8220; global_colors_info=&#8220;{}&#8220;][\/et_pb_divider][et_pb_divider show_divider=&#8220;off&#8220; _builder_version=&#8220;4.9.4&#8243; _module_preset=&#8220;default&#8220; global_colors_info=&#8220;{}&#8220;][\/et_pb_divider][\/et_pb_column][et_pb_column type=&#8220;1_6&#8243; _builder_version=&#8220;4.7.4&#8243; _module_preset=&#8220;default&#8220; global_colors_info=&#8220;{}&#8220;][et_pb_blurb title=&#8220;Genuss OHNE Reue &#8220; image=&#8220;https:\/\/aspasia-wellness.com\/wp-content\/uploads\/2021\/02\/YESFOODObstMeloneSommer.png&#8220; alt=&#8220;YESFOODRezepte &#8220; _builder_version=&#8220;4.13.0&#8243; _module_preset=&#8220;default&#8220; header_font=&#8220;|600||||on|||&#8220; link_option_url=&#8220;https:\/\/spark.adobe.com\/video\/VjZcsJiA1SpJm&#8220; box_shadow_style_image=&#8220;preset2&#8243; global_colors_info=&#8220;{}&#8220;]<\/p>\n<p style=\"text-align: left;\">ASPASIA`s <a href=\"https:\/\/aspasia-wellness.com\/wohlfuehlangebote-2-fuer-dich\/yes-food\/\">YESFOOD<\/a> Rezept &#x1f331;<\/p>\n<p style=\"text-align: left;\">\u00a01,2,3 flink nachgemacht<\/p>\n<p style=\"text-align: left;\">\u2713 einfach<\/p>\n<p style=\"text-align: left;\">\u2713 gesund<\/p>\n<p style=\"text-align: left;\">\u2713 lecker<\/p>\n<p style=\"text-align: left;\">Das kreative Rezept das gute Laune macht und Leichtigkeit in Dein Ern\u00e4hrung und Dein Leben bringt.<\/p>\n<p style=\"text-align: left;\">Mit tollen Ideen OHNE Weizenmehl, Eier, Milch und raffiniertem Zucker!<\/p>\n<p>[\/et_pb_blurb][et_pb_button button_url=&#8220;https:\/\/spark.adobe.com\/video\/Gq1caynO9z5CH&#8220; button_text=&#8220;Gratis Geschenk &#8211; Viel Spass beim Nachmachen&#x1f493;&#8220; _builder_version=&#8220;4.14.2&#8243; _module_preset=&#8220;default&#8220; custom_button=&#8220;on&#8220; button_bg_use_color_gradient=&#8220;on&#8220; button_bg_color_gradient_start=&#8220;#e06962&#8243; button_bg_color_gradient_end=&#8220;#faebd7&#8243; button_border_width=&#8220;0px&#8220; button_border_radius=&#8220;43px&#8220; button_text_shadow_style=&#8220;preset2&#8243; box_shadow_style=&#8220;preset2&#8243; global_colors_info=&#8220;{}&#8220;][\/et_pb_button][\/et_pb_column][et_pb_column type=&#8220;1_6&#8243; _builder_version=&#8220;4.7.4&#8243; _module_preset=&#8220;default&#8220; global_colors_info=&#8220;{}&#8220;][et_pb_blurb title=&#8220; WELTNEUHEIT!! Dein 60 qm WohnungsGarten &#8211; Autark Premium Gem\u00fcse &#038; Obst, sowie Wasser das ganze Jahr&#8220; image=&#8220;https:\/\/aspasia-wellness.com\/wp-content\/uploads\/2021\/12\/greeny.jpg&#8220; alt=&#8220;greenyplus&#8220; _builder_version=&#8220;4.14.2&#8243; _module_preset=&#8220;default&#8220; header_font=&#8220;|600||||on|||&#8220; link_option_url=&#8220;https:\/\/spark.adobe.com\/video\/VjZcsJiA1SpJm&#8220; box_shadow_style_image=&#8220;preset2&#8243; global_colors_info=&#8220;{}&#8220;]<\/p>\n<p style=\"text-align: left;\">\u2713 gesunde Lebensmittel<\/p>\n<p style=\"text-align: left;\">\u2713 reines Wasser<\/p>\n<p style=\"text-align: left;\">\u2713 gesunde Luft<\/p>\n<p style=\"text-align: left;\">\u2713 autark<\/p>\n<p style=\"text-align: left;\">\u2713 kosteng\u00fcnstige Ern\u00e4hrung<\/p>\n<p style=\"text-align: left;\">Das kleinste Garten mit einem Produktionsvolumen von 60 qm f\u00fcr die Wohnung. \u00a0<strong>Frischestes \u00a0Ur-Gem\u00fcse und Obst,<\/strong> sowie <strong>best gefiltertes und \u00a0belebtes<\/strong> (hexagonales und mit Sonnenlicht aufgeladenes )<strong>Wasser \u00fcbers ganze Jahr. \u00a0<\/strong><\/p>\n<p style=\"text-align: left;\">Essen und Trinken das gute Laune macht und Leichtigkeit in Deine Ern\u00e4hrung und Dein Leben bringt.<\/p>\n<p style=\"text-align: left;\">Mehr erfahren&gt;&gt;<\/p>\n<p>[\/et_pb_blurb][et_pb_button button_url=&#8220;https:\/\/00703.greenyplus.shop\/de&#8220; button_text=&#8220;Mehr erfahren&#8220; _builder_version=&#8220;4.14.2&#8243; _module_preset=&#8220;default&#8220; custom_button=&#8220;on&#8220; button_bg_use_color_gradient=&#8220;on&#8220; button_bg_color_gradient_start=&#8220;#fffaf0&#8243; button_bg_color_gradient_end=&#8220;#e06962&#8243; button_border_width=&#8220;0px&#8220; button_border_radius=&#8220;45px&#8220; button_text_shadow_style=&#8220;preset2&#8243; box_shadow_style=&#8220;preset2&#8243; global_colors_info=&#8220;{}&#8220;][\/et_pb_button][\/et_pb_column][\/et_pb_row][\/et_pb_section][et_pb_section fb_built=&#8220;1&#8243; _builder_version=&#8220;4.7.4&#8243; _module_preset=&#8220;default&#8220; background_color=&#8220;#d2b48c&#8220; use_background_color_gradient=&#8220;on&#8220; background_color_gradient_start=&#8220;#fffaf0&#8243; background_color_gradient_end=&#8220;#d2b48c&#8220; global_colors_info=&#8220;{}&#8220;][et_pb_row _builder_version=&#8220;4.7.4&#8243; _module_preset=&#8220;default&#8220; global_colors_info=&#8220;{}&#8220;][et_pb_column type=&#8220;4_4&#8243; _builder_version=&#8220;4.7.4&#8243; _module_preset=&#8220;default&#8220; global_colors_info=&#8220;{}&#8220;][et_pb_text _builder_version=&#8220;4.7.4&#8243; _module_preset=&#8220;default&#8220; text_font_size=&#8220;9px&#8220; global_colors_info=&#8220;{}&#8220;]<\/p>\n<p>Fairer Weise schreibe ich dazu, dass ich bei den Produkten, bei denen ich Kooperationspartner und nicht der Kreateur bin,\u00a0auch als Empfehlungsgeber partizipiere.<\/p>\n<p>[\/et_pb_text][\/et_pb_column][\/et_pb_row][\/et_pb_section]<\/p>\n<span class=\"et_bloom_bottom_trigger\"><\/span>","protected":false},"excerpt":{"rendered":"<p>HEALTH &amp; WELLNESSLOUNGESonderangeboteHier habe ich f\u00fcr Dich meine Sonderangebote f\u00fcr mehr Wohlbefinden zusammengetragen. \u00a0Wie w\u00e4re es, wenn Du \u00a0Deinen Liebsten einfach etwas f\u00fcr mehr Wohlbefinden schenkst? Erlebe mit einzigartigen Produkten von Firmen, welche sehr viel Wert auf eine sehr nat\u00fcrliche und gesunde Wirkungsweise, einen ressourcenschonenden Umgang mit unserer Natur legen und sich schon viele Jahre [&hellip;]<\/p>\n","protected":false},"author":1,"featured_media":0,"parent":0,"menu_order":0,"comment_status":"closed","ping_status":"closed","template":"","meta":{"_et_pb_use_builder":"on","_et_pb_old_content":"","_et_gb_content_width":"","footnotes":""},"class_list":["post-25858","page","type-page","status-publish","hentry"],"_links":{"self":[{"href":"https:\/\/aspasia-wellness.com\/coming-soon\/under-construction\/wp-json\/wp\/v2\/pages\/25858"}],"collection":[{"href":"https:\/\/aspasia-wellness.com\/coming-soon\/under-construction\/wp-json\/wp\/v2\/pages"}],"about":[{"href":"https:\/\/aspasia-wellness.com\/coming-soon\/under-construction\/wp-json\/wp\/v2\/types\/page"}],"author":[{"embeddable":true,"href":"https:\/\/aspasia-wellness.com\/coming-soon\/under-construction\/wp-json\/wp\/v2\/users\/1"}],"replies":[{"embeddable":true,"href":"https:\/\/aspasia-wellness.com\/coming-soon\/under-construction\/wp-json\/wp\/v2\/comments?post=25858"}],"version-history":[{"count":0,"href":"https:\/\/aspasia-wellness.com\/coming-soon\/under-construction\/wp-json\/wp\/v2\/pages\/25858\/revisions"}],"wp:attachment":[{"href":"https:\/\/aspasia-wellness.com\/coming-soon\/under-construction\/wp-json\/wp\/v2\/media?parent=25858"}],"curies":[{"name":"wp","href":"https:\/\/api.w.org\/{rel}","templated":true}]}}