{"id":27205,"date":"2022-01-01T18:24:50","date_gmt":"2022-01-01T17:24:50","guid":{"rendered":"https:\/\/aspasia-wellness.com\/?page_id=27205"},"modified":"2022-01-09T20:27:45","modified_gmt":"2022-01-09T19:27:45","slug":"lp39-tage-yoga-challenge","status":"publish","type":"page","link":"https:\/\/aspasia-wellness.com\/coming-soon\/under-construction\/lp39-tage-yoga-challenge\/","title":{"rendered":"39 Tage Kundalini Meditation &#038; Vinyasa Power Yoga Challenge"},"content":{"rendered":"<p>[et_pb_section fb_built=&#8220;1&#8243; _builder_version=&#8220;4.14.4&#8243; _module_preset=&#8220;default&#8220; global_colors_info=&#8220;{}&#8220;][et_pb_row column_structure=&#8220;1_2,1_2&#8243; _builder_version=&#8220;4.14.4&#8243; _module_preset=&#8220;default&#8220; background_enable_color=&#8220;off&#8220; use_background_color_gradient=&#8220;on&#8220; background_color_gradient_start=&#8220;#ffffff&#8220; background_color_gradient_end=&#8220;#ffffff&#8220; border_color_all=&#8220;#FFFFFF&#8220; border_style_all=&#8220;outset&#8220; global_colors_info=&#8220;{}&#8220;][et_pb_column type=&#8220;1_2&#8243; _builder_version=&#8220;4.14.4&#8243; _module_preset=&#8220;default&#8220; background_color=&#8220;#FFFFFF&#8220; global_colors_info=&#8220;{}&#8220;][et_pb_blurb title=&#8220;39 Tage Kundalini Vinyasa Power Yoga Praxis &#8220; image=&#8220;https:\/\/aspasia-wellness.com\/wp-content\/uploads\/2021\/10\/IMG_9750Yoga.jpg&#8220; alt=&#8220;Yoga mit ASPASIA LifeStyle&#8220; _builder_version=&#8220;4.14.4&#8243; _module_preset=&#8220;default&#8220; header_level=&#8220;h2&#8243; header_font=&#8220;Vollkorn SC|600|||||||&#8220; body_text_align=&#8220;left&#8220; body_letter_spacing=&#8220;1px&#8220; background_color=&#8220;#FFFFFF&#8220; border_width_all=&#8220;5px&#8220; border_color_all=&#8220;#FFFFFF&#8220; border_style_all=&#8220;none&#8220; border_style_all_image=&#8220;none&#8220; box_shadow_style_image=&#8220;preset2&#8243; global_colors_info=&#8220;{}&#8220;]<\/p>\n<p>&nbsp;<\/p>\n<p>&nbsp;<\/p>\n<p>\u2713 Begleite mich bei diesem magischen Erlebnis und sp\u00fcre die transformatierende Kraft von 39 aufeinanderfolgenden Tagen dieser Praxis.<\/p>\n<p>&nbsp;<\/p>\n<p>\u2713 Lasse uns unsere genialen Vors\u00e4tze f\u00fcr diese neue Jahr in solide Taten umsetzen, und was gibt es besseres als den Weg einer 39-t\u00e4gige Praxis!<\/p>\n<p>&nbsp;<\/p>\n<p>\u2713 Ich werden Dich mit Online-Live-Kursen, aufgezeichneten Videos und inspirierenden E-Mails durch diesen Prozess f\u00fchren.<\/p>\n<p>&nbsp;<\/p>\n<p><strong>Es sind vor allem Anf\u00e4nger, aber auch fortgeschrittene Yoga-Praktizierende willkommen!<\/strong><\/p>\n<p>&nbsp;<\/p>\n<p>&nbsp;<\/p>\n<p style=\"text-align: center;\">&#x2764;\ufe0e<\/p>\n<p>[\/et_pb_blurb][\/et_pb_column][et_pb_column type=&#8220;1_2&#8243; _builder_version=&#8220;4.14.4&#8243; _module_preset=&#8220;default&#8220; background_color=&#8220;#D2B48C&#8220; global_colors_info=&#8220;{}&#8220;][et_pb_signup mailchimp_list=&#8220;ASPASIA-Lifestyle|d555bf0bcb&#8220; title=&#8220;Start am MONTAG  10. Januar 2022 &#8220; button_text=&#8220;Gratis DabeiSEIN &#x1f970;&#8220; description=&#8220;<\/p>\n<p>&nbsp;<\/p>\n<h1>Das Jahr 2022 ist das Jahr der Klarheit, und genau daran werden wir kreieren!<\/h1>\n<p>Wir werden gemeinsam die Kundalini Yoga Kriya &amp; Vinyasa Power f\u00fcr ein %22 Kristallklar werden%22 praktizieren, welche an unserer Verbindung mit unserer inneren Wahrheit, Kraft und unserem Mut, aus ihr heraus zu handeln, kreieren wird.<\/p>\n<p>&nbsp;<\/p>\n<p>Schlie\u00dfe dich mir und der weltweiten Yoga &#8211; Gemeinschaft an und lass uns gemeinsam kristallklar &amp; stark werden! &#x2665;&#xfe0f;<\/p>\n<p>&nbsp;<\/p>\n<p>&nbsp;<\/p>\n<p>&nbsp;<\/p>\n<p>&nbsp;<\/p>\n<p>&#8220; _builder_version=&#8220;4.14.4&#8243; _module_preset=&#8220;default&#8220; header_font=&#8220;Vollkorn SC||||||||&#8220; body_font=&#8220;||||||||&#8220; body_font_size=&#8220;15px&#8220; custom_button=&#8220;on&#8220; button_bg_color=&#8220;#FAEBD7&#8243; button_bg_use_color_gradient=&#8220;on&#8220; button_bg_color_gradient_start=&#8220;#e06962&#8243; button_bg_color_gradient_end=&#8220;#faebd7&#8243; button_border_width=&#8220;0px&#8220; button_border_radius=&#8220;27px&#8220; button_font=&#8220;|600|||||||&#8220; hover_enabled=&#8220;0&#8243; button_text_shadow_style=&#8220;preset2&#8243; box_shadow_style_button=&#8220;preset2&#8243; text_shadow_style=&#8220;preset2&#8243; global_colors_info=&#8220;{}&#8220; sticky_enabled=&#8220;0&#8243;][\/et_pb_signup][et_pb_divider show_divider=&#8220;off&#8220; _builder_version=&#8220;4.14.4&#8243; _module_preset=&#8220;default&#8220; global_colors_info=&#8220;{}&#8220;][\/et_pb_divider][et_pb_divider show_divider=&#8220;off&#8220; _builder_version=&#8220;4.14.4&#8243; _module_preset=&#8220;default&#8220; global_colors_info=&#8220;{}&#8220;][\/et_pb_divider][et_pb_divider show_divider=&#8220;off&#8220; _builder_version=&#8220;4.14.4&#8243; _module_preset=&#8220;default&#8220; global_colors_info=&#8220;{}&#8220;][\/et_pb_divider][et_pb_divider show_divider=&#8220;off&#8220; _builder_version=&#8220;4.14.4&#8243; _module_preset=&#8220;default&#8220; global_colors_info=&#8220;{}&#8220;][\/et_pb_divider][et_pb_divider show_divider=&#8220;off&#8220; _builder_version=&#8220;4.14.4&#8243; _module_preset=&#8220;default&#8220; global_colors_info=&#8220;{}&#8220;][\/et_pb_divider][et_pb_divider show_divider=&#8220;off&#8220; _builder_version=&#8220;4.14.4&#8243; _module_preset=&#8220;default&#8220; global_colors_info=&#8220;{}&#8220;][\/et_pb_divider][et_pb_divider show_divider=&#8220;off&#8220; _builder_version=&#8220;4.14.4&#8243; _module_preset=&#8220;default&#8220; global_colors_info=&#8220;{}&#8220;][\/et_pb_divider][et_pb_divider show_divider=&#8220;off&#8220; _builder_version=&#8220;4.14.4&#8243; _module_preset=&#8220;default&#8220; global_colors_info=&#8220;{}&#8220;][\/et_pb_divider][et_pb_divider show_divider=&#8220;off&#8220; _builder_version=&#8220;4.14.4&#8243; _module_preset=&#8220;default&#8220; global_colors_info=&#8220;{}&#8220;][\/et_pb_divider][et_pb_divider show_divider=&#8220;off&#8220; _builder_version=&#8220;4.14.4&#8243; _module_preset=&#8220;default&#8220; global_colors_info=&#8220;{}&#8220;][\/et_pb_divider][et_pb_divider show_divider=&#8220;off&#8220; _builder_version=&#8220;4.14.4&#8243; _module_preset=&#8220;default&#8220; global_colors_info=&#8220;{}&#8220;][\/et_pb_divider][\/et_pb_column][\/et_pb_row][et_pb_row column_structure=&#8220;1_2,1_2&#8243; _builder_version=&#8220;4.14.4&#8243; _module_preset=&#8220;default&#8220; global_colors_info=&#8220;{}&#8220;][et_pb_column type=&#8220;1_2&#8243; _builder_version=&#8220;4.14.4&#8243; _module_preset=&#8220;default&#8220; global_colors_info=&#8220;{}&#8220;][et_pb_divider show_divider=&#8220;off&#8220; _builder_version=&#8220;4.14.4&#8243; _module_preset=&#8220;default&#8220; global_colors_info=&#8220;{}&#8220;][\/et_pb_divider][\/et_pb_column][et_pb_column type=&#8220;1_2&#8243; _builder_version=&#8220;4.14.4&#8243; _module_preset=&#8220;default&#8220; global_colors_info=&#8220;{}&#8220;][et_pb_divider show_divider=&#8220;off&#8220; _builder_version=&#8220;4.14.4&#8243; _module_preset=&#8220;default&#8220; global_colors_info=&#8220;{}&#8220;][\/et_pb_divider][\/et_pb_column][\/et_pb_row][\/et_pb_section][et_pb_section fb_built=&#8220;1&#8243; _builder_version=&#8220;4.14.4&#8243; _module_preset=&#8220;default&#8220; global_colors_info=&#8220;{}&#8220;][et_pb_row column_structure=&#8220;1_2,1_2&#8243; _builder_version=&#8220;4.14.4&#8243; _module_preset=&#8220;default&#8220; global_colors_info=&#8220;{}&#8220;][et_pb_column type=&#8220;1_2&#8243; _builder_version=&#8220;4.14.4&#8243; _module_preset=&#8220;default&#8220; global_colors_info=&#8220;{}&#8220;][et_pb_button button_url=&#8220;https:\/\/aspasia-wellness.com\/impressum\/&#8220; button_text=&#8220;Impressum &#8220; _builder_version=&#8220;4.14.4&#8243; _module_preset=&#8220;default&#8220; custom_button=&#8220;on&#8220; button_text_size=&#8220;8px&#8220; button_text_color=&#8220;#000000&#8243; button_border_width=&#8220;0px&#8220; button_border_radius=&#8220;0px&#8220; button_use_icon=&#8220;off&#8220; global_colors_info=&#8220;{}&#8220;][\/et_pb_button][\/et_pb_column][et_pb_column type=&#8220;1_2&#8243; _builder_version=&#8220;4.14.4&#8243; _module_preset=&#8220;default&#8220; global_colors_info=&#8220;{}&#8220;][et_pb_button button_url=&#8220;https:\/\/aspasia-wellness.com\/datenschutz\/&#8220; button_text=&#8220;Datenschutz    |  Copyright &#8220; _builder_version=&#8220;4.14.4&#8243; _module_preset=&#8220;default&#8220; custom_button=&#8220;on&#8220; button_text_size=&#8220;8px&#8220; button_text_color=&#8220;#000000&#8243; button_border_width=&#8220;0px&#8220; button_border_radius=&#8220;0px&#8220; button_use_icon=&#8220;off&#8220; global_colors_info=&#8220;{}&#8220;][\/et_pb_button][\/et_pb_column][\/et_pb_row][\/et_pb_section]<\/p>\n<span class=\"et_bloom_bottom_trigger\"><\/span>","protected":false},"excerpt":{"rendered":"<p>&nbsp; &nbsp; \u2713 Begleite mich bei diesem magischen Erlebnis und sp\u00fcre die transformatierende Kraft von 39 aufeinanderfolgenden Tagen dieser Praxis. &nbsp; \u2713 Lasse uns unsere genialen Vors\u00e4tze f\u00fcr diese neue Jahr in solide Taten umsetzen, und was gibt es besseres als den Weg einer 39-t\u00e4gige Praxis! &nbsp; \u2713 Ich werden Dich mit Online-Live-Kursen, aufgezeichneten Videos [&hellip;]<\/p>\n","protected":false},"author":1,"featured_media":0,"parent":0,"menu_order":0,"comment_status":"closed","ping_status":"closed","template":"page-template-blank.php","meta":{"_et_pb_use_builder":"on","_et_pb_old_content":"","_et_gb_content_width":"","footnotes":""},"class_list":["post-27205","page","type-page","status-publish","hentry"],"_links":{"self":[{"href":"https:\/\/aspasia-wellness.com\/coming-soon\/under-construction\/wp-json\/wp\/v2\/pages\/27205"}],"collection":[{"href":"https:\/\/aspasia-wellness.com\/coming-soon\/under-construction\/wp-json\/wp\/v2\/pages"}],"about":[{"href":"https:\/\/aspasia-wellness.com\/coming-soon\/under-construction\/wp-json\/wp\/v2\/types\/page"}],"author":[{"embeddable":true,"href":"https:\/\/aspasia-wellness.com\/coming-soon\/under-construction\/wp-json\/wp\/v2\/users\/1"}],"replies":[{"embeddable":true,"href":"https:\/\/aspasia-wellness.com\/coming-soon\/under-construction\/wp-json\/wp\/v2\/comments?post=27205"}],"version-history":[{"count":0,"href":"https:\/\/aspasia-wellness.com\/coming-soon\/under-construction\/wp-json\/wp\/v2\/pages\/27205\/revisions"}],"wp:attachment":[{"href":"https:\/\/aspasia-wellness.com\/coming-soon\/under-construction\/wp-json\/wp\/v2\/media?parent=27205"}],"curies":[{"name":"wp","href":"https:\/\/api.w.org\/{rel}","templated":true}]}}