{"id":546,"date":"2018-04-18T17:06:35","date_gmt":"2018-04-18T15:06:35","guid":{"rendered":"https:\/\/aspasia-wellness.com\/?page_id=546"},"modified":"2018-06-12T00:12:47","modified_gmt":"2018-06-11T22:12:47","slug":"was-wellnessmassagen-so-wertvoll-macht","status":"publish","type":"page","link":"https:\/\/aspasia-wellness.com\/coming-soon\/under-construction\/was-wellnessmassagen-so-wertvoll-macht\/","title":{"rendered":"Was Wellnessmassagen so wertvoll macht"},"content":{"rendered":"<p>[et_pb_section bb_built=&#8220;1&#8243; _builder_version=&#8220;3.0.106&#8243; background_image=&#8220;https:\/\/aspasia-wellness.com\/wp-content\/uploads\/2018\/03\/fullsizeoutput_155b-e1521159313428.jpeg&#8220; parallax=&#8220;on&#8220; next_background_color=&#8220;#ffffff&#8220;][et_pb_row _builder_version=&#8220;3.0.106&#8243; background_size=&#8220;initial&#8220; background_position=&#8220;top_left&#8220; background_repeat=&#8220;repeat&#8220; animation_style=&#8220;fade&#8220;][et_pb_column type=&#8220;4_4&#8243;][et_pb_text _builder_version=&#8220;3.3.1&#8243; text_font=&#8220;Taviraj||||||||&#8220; header_font=&#8220;||||||||&#8220; header_text_color=&#8220;#fffaf0&#8243; header_text_shadow_style=&#8220;preset2&#8243; header_2_font=&#8220;Taviraj||||||||&#8220; header_2_text_color=&#8220;#fffaf0&#8243; header_2_text_shadow_style=&#8220;preset2&#8243; header_font_size=&#8220;53px&#8220; header_2_font_size=&#8220;31px&#8220;]<\/p>\n<p>&nbsp;<\/p>\n<h1>Was Wellness &#8211; Massagen<\/h1>\n<h1>so wertoll macht<\/h1>\n<h2><\/h2>\n<p>&nbsp;<\/p>\n<h2>Entdecke das Geheimnis von Wellness-Massagen<\/h2>\n<p>&nbsp;<\/p>\n<p>[\/et_pb_text][\/et_pb_column][\/et_pb_row][\/et_pb_section][et_pb_section bb_built=&#8220;1&#8243; _builder_version=&#8220;3.6&#8243; background_image=&#8220;https:\/\/aspasia-wellness.com\/wp-content\/uploads\/2018\/03\/IMG_4630.jpg&#8220; prev_background_color=&#8220;#ffffff&#8220; next_background_color=&#8220;#ffffff&#8220;][et_pb_row _builder_version=&#8220;3.3.1&#8243;][et_pb_column type=&#8220;1_2&#8243;][et_pb_image src=&#8220;https:\/\/aspasia-wellness.com\/wp-content\/uploads\/2018\/03\/fullsizeoutput_485.jpeg&#8220; url=&#8220;https:\/\/aspasia-wellness.com\/wohlfuehlangebote\/&#8220; _builder_version=&#8220;3.3.1&#8243;]<\/p>\n<p>&nbsp;<\/p>\n<p>[\/et_pb_image][\/et_pb_column][et_pb_column type=&#8220;1_2&#8243;][et_pb_text _builder_version=&#8220;3.3.1&#8243; animation_style=&#8220;fade&#8220; text_font_size=&#8220;18px&#8220; header_font=&#8220;||||||||&#8220; text_font=&#8220;||||||||&#8220;]<\/p>\n<h3 style=\"text-align: center;\">Der Zauber der Wellnessmassagen<\/h3>\n<p>&nbsp;<\/p>\n<p style=\"text-align: center;\">Wellnessmassagen geh\u00f6ren zur elementaren Kommunikation, da die Ber\u00fchrung die elementarste Form der Kommunikation f\u00fcr Menschen ist.<\/p>\n<p style=\"text-align: center;\">Wellnessmassagen sind Wohlf\u00fchlmassagen und geh\u00f6ren zu den klassischen Massagen, welche den Gesunden von seinen &#8222;Alltags-Wehwehchen&#8220; befreien.<\/p>\n<p style=\"text-align: center;\">Sie werden von einem Massage-Therapeuten durchgef\u00fchrt.<\/p>\n<p style=\"text-align: center;\">Doch was ist das Geheimnis?<\/p>\n<p style=\"text-align: center;\">Der\/die Wellnesstherapeut (-in) ist eine Wohl-T\u00e4ter(-in) und kommt ohne \u00a0Rezept aus, da er\/sie ihren Komptenzbereich genau kennt.<\/p>\n<p style=\"text-align: center;\">Ist man bei ihr\/ihm f\u00fchlt man sich gleich wohl.<\/p>\n<p style=\"text-align: center;\">Weil sie\/er ihr Tun mit Liebe erf\u00fcllt.<\/p>\n<p style=\"text-align: center;\">Wellnessmassagen \u00a0wirken daher:<\/p>\n<p style=\"text-align: center;\">entgiftend<\/p>\n<p style=\"text-align: center;\">energetisierend<\/p>\n<p style=\"text-align: center;\">ausgleichend<\/p>\n<p style=\"text-align: center;\">wohltuend<\/p>\n<p style=\"text-align: center;\">entspannend<\/p>\n<p>[\/et_pb_text][\/et_pb_column][\/et_pb_row][et_pb_row _builder_version=&#8220;3.0.106&#8243;][et_pb_column type=&#8220;4_4&#8243;][et_pb_divider show_divider=&#8220;off&#8220; _builder_version=&#8220;3.2&#8243;]<\/p>\n<p>&nbsp;<\/p>\n<p>[\/et_pb_divider][\/et_pb_column][\/et_pb_row][et_pb_row _builder_version=&#8220;3.0.47&#8243; background_size=&#8220;initial&#8220; background_position=&#8220;top_left&#8220; background_repeat=&#8220;repeat&#8220;][et_pb_column type=&#8220;4_4&#8243;][et_pb_text admin_label=&#8220;Text &#8211; Geschichte&#8220; _builder_version=&#8220;3.0.106&#8243;]<\/p>\n<h3 style=\"text-align: center;\"><\/h3>\n<p>[\/et_pb_text][\/et_pb_column][\/et_pb_row][et_pb_row _builder_version=&#8220;3.0.47&#8243; background_size=&#8220;initial&#8220; background_position=&#8220;top_left&#8220; background_repeat=&#8220;repeat&#8220;][et_pb_column type=&#8220;2_3&#8243;][et_pb_text _builder_version=&#8220;3.3.1&#8243; animation_style=&#8220;fade&#8220; text_font_size=&#8220;18px&#8220; text_font=&#8220;||||||||&#8220;]<\/p>\n<h3 style=\"text-align: center;\"><strong>\u00a0Die Geschichte der Massage\u00a0<\/strong><\/h3>\n<p>&nbsp;<\/p>\n<p>&nbsp;<\/p>\n<h4 style=\"text-align: center;\">Begriffsbedeutung<\/h4>\n<p style=\"text-align: center;\">Massage &#8211; kneten, betasten, reiben, streichen<\/p>\n<p style=\"text-align: center;\">Die ersten Erw\u00e4hnungen von Massagen fanden sich bereits in den 2600 v.Chr. bei dem Chinesen Huang Di. Er beschrieb dort Massagehandgriffe und gymnastische \u00fcbungen.<\/p>\n<h4 style=\"text-align: center;\">Bedeutung<\/h4>\n<p style=\"text-align: center;\">Massage geh\u00f6rt zur elementaren Kommunikation.<\/p>\n<p style=\"text-align: center;\">Massage ist Ber\u00fchrung !<\/p>\n<p style=\"text-align: center;\">&#8211; sie bedarf keiner Worte<\/p>\n<p style=\"text-align: center;\">&#8211; sie wird von Geburt an beherrscht &amp; verstanden<\/p>\n<h4 style=\"text-align: center;\">Erste Erw\u00e4hnungen<\/h4>\n<p style=\"text-align: center;\">Schon im 13. Jahrhundert f\u00fchrte Stauffenkaiser Friedrich II einen versuch mit t\u00f6dlichen Ausgang durch, weil er die Ursprache herausfinden wollte. Dabei liess er zwar Babys versorgen, doch untersagte die Zuneigung und Sprache.<\/p>\n<p style=\"text-align: center;\">Pehr Henrik Ling (1776-1839) war der Ursprung der `Schwedischen Massage`, die klassische Form der Wellnessmassage. Als Fechtlehrer gr\u00fcndete er 1813 in Stockholm das &#8222;Zentralinstitut f\u00fcr Heilgymnastik und Massage&#8220;. In diesem Institut vermittelte er seine Lehren \u00fcber Massage und Gymnastik.<\/p>\n<p style=\"text-align: center;\">Quelle: Wikipedia<\/p>\n<p style=\"text-align: center;\">Im Laufe der Zeit gibt es zahlreiche Nachweise f\u00fcr die psyychische und auch psychsoziale Wirkung von Massagen. Diese Wirkung l\u00e4sst sich auf die wirkung des Hormons Oxytocin zur\u00fcckf\u00fchren.<\/p>\n<p>[\/et_pb_text][\/et_pb_column][et_pb_column type=&#8220;1_3&#8243;][et_pb_image src=&#8220;https:\/\/aspasia-wellness.com\/wp-content\/uploads\/2018\/03\/IMG_1881.jpg&#8220; _builder_version=&#8220;3.3.1&#8243; url=&#8220;https:\/\/aspasia-wellness.com\/wohlfuehlangebote\/&#8220;]<\/p>\n<p>&nbsp;<\/p>\n<p>[\/et_pb_image][\/et_pb_column][\/et_pb_row][et_pb_row _builder_version=&#8220;3.0.106&#8243;][et_pb_column type=&#8220;4_4&#8243;][et_pb_divider show_divider=&#8220;off&#8220; _builder_version=&#8220;3.2&#8243;]<\/p>\n<p>&nbsp;<\/p>\n<p>[\/et_pb_divider][\/et_pb_column][\/et_pb_row][et_pb_row _builder_version=&#8220;3.0.47&#8243; background_size=&#8220;initial&#8220; background_position=&#8220;top_left&#8220; background_repeat=&#8220;repeat&#8220;][et_pb_column type=&#8220;1_2&#8243;][et_pb_image src=&#8220;https:\/\/aspasia-wellness.com\/wp-content\/uploads\/2018\/03\/IMG_6648.jpg&#8220; _builder_version=&#8220;3.3.1&#8243; url=&#8220;https:\/\/aspasia-wellness.com\/wohlfuehlangebote\/&#8220;]<\/p>\n<p>&nbsp;<\/p>\n<p>[\/et_pb_image][\/et_pb_column][et_pb_column type=&#8220;1_2&#8243;][et_pb_text _builder_version=&#8220;3.3.1&#8243; animation_style=&#8220;fade&#8220; text_font_size=&#8220;19px&#8220; text_font=&#8220;||||||||&#8220;]<\/p>\n<p style=\"text-align: center;\">Wellnessmassagen bed\u00fcrfen keiner Worte<\/p>\n<p style=\"text-align: center;\">Wellnessmassagen ber\u00fchren K\u00f6rper &amp; Seele<\/p>\n<p style=\"text-align: center;\">Wellnessmassagen wirken wohltuend auf K\u00f6rper &amp; Seele<\/p>\n<p style=\"text-align: center;\">Wellnessmassagen wirken entschleunigend &amp; so Stressreduzierend<\/p>\n<p style=\"text-align: center;\"><em>&#8222;Wellnessmassagen lassen Dich einfach wohlf\u00fchlen&#8220;<\/em><\/p>\n<p>[\/et_pb_text][\/et_pb_column][\/et_pb_row][\/et_pb_section][et_pb_section bb_built=&#8220;1&#8243; _builder_version=&#8220;3.0.106&#8243; background_image=&#8220;https:\/\/aspasia-wellness.com\/wp-content\/uploads\/2018\/03\/IMG_3379-e1522260242126.jpg&#8220; parallax=&#8220;on&#8220; prev_background_color=&#8220;#ffffff&#8220; next_background_color=&#8220;#ffffff&#8220;][et_pb_row _builder_version=&#8220;3.0.47&#8243; background_size=&#8220;initial&#8220; background_position=&#8220;top_left&#8220; background_repeat=&#8220;repeat&#8220;][et_pb_column type=&#8220;4_4&#8243;][et_pb_text _builder_version=&#8220;3.3.1&#8243; header_font=&#8220;|700|||||||&#8220; header_2_font=&#8220;|700|||||||&#8220; header_3_font=&#8220;|700|||||||&#8220; header_3_text_color=&#8220;#faebd7&#8243; header_3_text_shadow_style=&#8220;preset2&#8243; header_font_size=&#8220;29px&#8220; header_2_font_size=&#8220;25px&#8220; header_3_font_size=&#8220;32px&#8220;]<\/p>\n<h3>Entdecke die Vielfalt der Wellnessmassagen<\/h3>\n<p>[\/et_pb_text][\/et_pb_column][\/et_pb_row][et_pb_row _builder_version=&#8220;3.0.106&#8243; background_size=&#8220;initial&#8220; background_position=&#8220;top_left&#8220; background_repeat=&#8220;repeat&#8220;][et_pb_column type=&#8220;1_2&#8243;][\/et_pb_column][et_pb_column type=&#8220;1_2&#8243;][et_pb_cta title=&#8220;Die Wellnessmassage f\u00fcr Dich&#8220; button_url=&#8220;https:\/\/aspasia-wellness.com\/wohlfuehlangebote\/&#8220; button_text=&#8220;W\u00e4hle Hier Deinen Favoriten&#8220; _builder_version=&#8220;3.3.1&#8243; header_font=&#8220;Taviraj||||||||&#8220; header_text_shadow_style=&#8220;preset2&#8243; use_background_color=&#8220;off&#8220; custom_button=&#8220;on&#8220; button_bg_color=&#8220;#deb887&#8243; button_bg_use_color_gradient=&#8220;on&#8220; button_bg_color_gradient_start=&#8220;#deb887&#8243; button_bg_color_gradient_end=&#8220;#faebd7&#8243; button_border_width=&#8220;0&#8243; button_border_radius=&#8220;28px&#8220; button_font=&#8220;|700|||||||&#8220; button_border_radius_hover=&#8220;37px&#8220; button_text_shadow_style=&#8220;preset2&#8243; box_shadow_style_button=&#8220;preset2&#8243; header_level=&#8220;h3&#8243; header_font_size=&#8220;27px&#8220; body_font=&#8220;||||||||&#8220; body_font_size=&#8220;18px&#8220;]<\/p>\n<p><em>Willkommen im Reich der Sinne &amp; des Wohlf\u00fchlens<\/em><\/p>\n<p>[\/et_pb_cta][\/et_pb_column][\/et_pb_row][\/et_pb_section][et_pb_section bb_built=&#8220;1&#8243; _builder_version=&#8220;3.6&#8243; use_background_color_gradient=&#8220;on&#8220; background_color_gradient_start=&#8220;#ffffff&#8220; background_color_gradient_end=&#8220;#d2b48c&#8220; prev_background_color=&#8220;#ffffff&#8220; global_module=&#8220;960&#8243;][et_pb_row global_parent=&#8220;960&#8243; _builder_version=&#8220;3.0.47&#8243; background_size=&#8220;initial&#8220; background_position=&#8220;top_left&#8220; background_repeat=&#8220;repeat&#8220;][et_pb_column type=&#8220;1_3&#8243;][et_pb_text admin_label=&#8220;Titel&#8220; global_parent=&#8220;960&#8243; _builder_version=&#8220;3.0.106&#8243;]<\/p>\n<p>&nbsp;<\/p>\n<p>[\/et_pb_text][et_pb_text admin_label=&#8220;Adresse&#8220; global_parent=&#8220;960&#8243; _builder_version=&#8220;3.3.1&#8243; text_font_size=&#8220;18px&#8220; header_2_font_size=&#8220;27px&#8220; text_font=&#8220;||||||||&#8220; header_font=&#8220;||||||||&#8220; header_2_font=&#8220;||||||||&#8220;]<\/p>\n<h2><strong>ASPASIA HEALTH &amp; WELLNESSLOUNGE\u00a0<\/strong><\/h2>\n<p><em>&#8222;nat\u00fcrlich gesund wohlf\u00fchlen&#8220;<\/em><\/p>\n<p>Die Wohlf\u00fchlgeheimwaffe<\/p>\n<p>&nbsp;<\/p>\n<p>Dorfmatta 2<\/p>\n<p>CH &#8211; 1734 Tentlingen<\/p>\n<p>health(at)aspasia(dot)ch<\/p>\n<p>[\/et_pb_text][et_pb_text admin_label=&#8220;Adresse&#8220; global_parent=&#8220;960&#8243; _builder_version=&#8220;3.0.106&#8243; \/][et_pb_text admin_label=&#8220;Adresse&#8220; global_parent=&#8220;960&#8243; _builder_version=&#8220;3.0.106&#8243;]<\/p>\n<p>&nbsp;<\/p>\n<p>[\/et_pb_text][\/et_pb_column][et_pb_column type=&#8220;2_3&#8243;][et_pb_contact_form global_parent=&#8220;960&#8243; title=&#8220;Du hast Fragen ? F\u00fchl Dich frei diese zu stellen. Sie finden zeitnah Geh\u00f6r.&#8220; success_message=&#8220;Deine Nachricht wurde erfolgreich gesendet.&#8220; submit_button_text=&#8220;Hier absenden&#8220; module_id=&#8220;et_pb_contact_form_0&#8243; _builder_version=&#8220;3.3.1&#8243; custom_button=&#8220;on&#8220; button_text_color=&#8220;#ffffff&#8220; button_bg_color=&#8220;#deb887&#8243; button_border_width=&#8220;0px&#8220; button_border_color=&#8220;#deb887&#8243; button_border_radius=&#8220;45px&#8220; button_font=&#8220;||||||||&#8220; button_text_shadow_style=&#8220;preset2&#8243; box_shadow_style_button=&#8220;preset2&#8243; animation_style=&#8220;fade&#8220; title_font=&#8220;||||||||&#8220; form_field_font=&#8220;||||||||&#8220;][et_pb_contact_field field_id=&#8220;Name&#8220; field_title=&#8220;Name&#8220; _builder_version=&#8220;3.3.1&#8243; border_radii=&#8220;on||||&#8220; form_field_font=&#8220;||||||||&#8220; form_field_font_size=&#8220;17px&#8220;][\/et_pb_contact_field][et_pb_contact_field field_id=&#8220;Email&#8220; field_title=&#8220;E-Mail-Adresse&#8220; field_type=&#8220;email&#8220; _builder_version=&#8220;3.3.1&#8243; border_radii=&#8220;on||||&#8220; form_field_font=&#8220;||||||||&#8220; form_field_font_size=&#8220;18px&#8220;][\/et_pb_contact_field][et_pb_contact_field field_id=&#8220;Message&#8220; field_title=&#8220;Nachricht&#8220; field_type=&#8220;text&#8220; fullwidth_field=&#8220;on&#8220; _builder_version=&#8220;3.3.1&#8243; border_radii=&#8220;on||||&#8220; form_field_font=&#8220;||||||||&#8220; form_field_font_size=&#8220;18px&#8220;][\/et_pb_contact_field][\/et_pb_contact_form][\/et_pb_column][\/et_pb_row][\/et_pb_section]<\/p>\n<span class=\"et_bloom_bottom_trigger\"><\/span>","protected":false},"excerpt":{"rendered":"<p>&nbsp; Was Wellness &#8211; Massagen so wertoll macht &nbsp; Entdecke das Geheimnis von Wellness-Massagen &nbsp; &nbsp; Der Zauber der Wellnessmassagen &nbsp; Wellnessmassagen geh\u00f6ren zur elementaren Kommunikation, da die Ber\u00fchrung die elementarste Form der Kommunikation f\u00fcr Menschen ist. Wellnessmassagen sind Wohlf\u00fchlmassagen und geh\u00f6ren zu den klassischen Massagen, welche den Gesunden von seinen &#8222;Alltags-Wehwehchen&#8220; befreien. Sie werden [&hellip;]<\/p>\n","protected":false},"author":1,"featured_media":0,"parent":0,"menu_order":0,"comment_status":"closed","ping_status":"closed","template":"","meta":{"_et_pb_use_builder":"on","_et_pb_old_content":"<p>[et_pb_section bb_built=\"1\" _builder_version=\"3.0.106\" background_image=\"https:\/\/aspasia-wellness.com\/wp-content\/uploads\/2018\/03\/fullsizeoutput_155b-e1521159313428.jpeg\"][et_pb_row][et_pb_column type=\"4_4\"][et_pb_text _builder_version=\"3.0.106\" background_layout=\"light\" text_font=\"Taviraj||||||||\"]<\/p><h2>Warum Massagen so wertoll sind<\/h2><p>[\/et_pb_text][\/et_pb_column][\/et_pb_row][et_pb_row][et_pb_column type=\"1_2\"][et_pb_image _builder_version=\"3.0.106\" \/][\/et_pb_column][et_pb_column type=\"1_2\"][\/et_pb_column][\/et_pb_row][\/et_pb_section]<\/p>","_et_gb_content_width":"","footnotes":""},"class_list":["post-546","page","type-page","status-publish","hentry"],"_links":{"self":[{"href":"https:\/\/aspasia-wellness.com\/coming-soon\/under-construction\/wp-json\/wp\/v2\/pages\/546"}],"collection":[{"href":"https:\/\/aspasia-wellness.com\/coming-soon\/under-construction\/wp-json\/wp\/v2\/pages"}],"about":[{"href":"https:\/\/aspasia-wellness.com\/coming-soon\/under-construction\/wp-json\/wp\/v2\/types\/page"}],"author":[{"embeddable":true,"href":"https:\/\/aspasia-wellness.com\/coming-soon\/under-construction\/wp-json\/wp\/v2\/users\/1"}],"replies":[{"embeddable":true,"href":"https:\/\/aspasia-wellness.com\/coming-soon\/under-construction\/wp-json\/wp\/v2\/comments?post=546"}],"version-history":[{"count":0,"href":"https:\/\/aspasia-wellness.com\/coming-soon\/under-construction\/wp-json\/wp\/v2\/pages\/546\/revisions"}],"wp:attachment":[{"href":"https:\/\/aspasia-wellness.com\/coming-soon\/under-construction\/wp-json\/wp\/v2\/media?parent=546"}],"curies":[{"name":"wp","href":"https:\/\/api.w.org\/{rel}","templated":true}]}}