{"id":641,"date":"2018-04-30T02:34:35","date_gmt":"2018-04-30T00:34:35","guid":{"rendered":"https:\/\/aspasia-wellness.com\/?page_id=641"},"modified":"2021-01-28T11:49:46","modified_gmt":"2021-01-28T10:49:46","slug":"referenzen","status":"publish","type":"page","link":"https:\/\/aspasia-wellness.com\/coming-soon\/under-construction\/referenzen\/","title":{"rendered":"Referenzen"},"content":{"rendered":"<p>[et_pb_section fb_built=&#8220;1&#8243; _builder_version=&#8220;3.22&#8243; use_background_color_gradient=&#8220;on&#8220; background_color_gradient_start=&#8220;#faebd7&#8243; background_color_gradient_end=&#8220;#ffffff&#8220; background_color_gradient_type=&#8220;radial&#8220; background_image=&#8220;https:\/\/aspasia-wellness.com\/wp-content\/uploads\/2018\/03\/fullsizeoutput_155b-e1521159313428.jpeg&#8220; parallax=&#8220;on&#8220; filter_saturate=&#8220;99%&#8220; filter_brightness=&#8220;105%&#8220; filter_contrast=&#8220;96%&#8220; filter_opacity=&#8220;90%&#8220; mix_blend_mode=&#8220;overlay&#8220; animation_style=&#8220;zoom&#8220;][et_pb_row _builder_version=&#8220;3.25&#8243;][et_pb_column type=&#8220;4_4&#8243; _builder_version=&#8220;3.25&#8243; custom_padding=&#8220;|||&#8220; custom_padding__hover=&#8220;|||&#8220;][et_pb_blurb title=&#8220;Referenzen&#8220; _builder_version=&#8220;3.1.1&#8243; header_font=&#8220;||||||||&#8220; header_font_size=&#8220;36px&#8220; background_layout=&#8220;dark&#8220; text_shadow_style=&#8220;preset2&#8243;]Hier findest Du Kundenerfahrungen zu den Wohlf\u00fchl &#8211; Angeboten<\/p>\n<p>&nbsp;<\/p>\n<p>&nbsp;<br \/>\n[\/et_pb_blurb][\/et_pb_column][\/et_pb_row][\/et_pb_section][et_pb_section fb_built=&#8220;1&#8243; _builder_version=&#8220;3.22&#8243; background_image=&#8220;https:\/\/aspasia-wellness.com\/wp-content\/uploads\/2018\/03\/IMG_4630.jpg&#8220;][et_pb_row _builder_version=&#8220;3.25&#8243;][et_pb_column type=&#8220;4_4&#8243; _builder_version=&#8220;3.25&#8243; custom_padding=&#8220;|||&#8220; custom_padding__hover=&#8220;|||&#8220;][\/et_pb_column][\/et_pb_row][et_pb_row column_structure=&#8220;1_4,1_4,1_4,1_4&#8243; _builder_version=&#8220;3.25&#8243; background_size=&#8220;initial&#8220; background_position=&#8220;top_left&#8220; background_repeat=&#8220;repeat&#8220;][et_pb_column type=&#8220;1_4&#8243; _builder_version=&#8220;3.25&#8243; custom_padding=&#8220;|||&#8220; custom_padding__hover=&#8220;|||&#8220;][et_pb_blurb title=&#8220;Referenzen zu Massagen&#8220; url=&#8220;#&#8220; _builder_version=&#8220;3.1.1&#8243; header_font=&#8220;Taviraj|600|||||||&#8220; header_font_size=&#8220;25px&#8220;][\/et_pb_blurb][et_pb_team_member name=&#8220;Rita&#8220; image_url=&#8220;https:\/\/aspasia-wellness.com\/wp-content\/uploads\/2018\/04\/aba33178e0cf42e3440da56cf58d84a6.jpg&#8220; _builder_version=&#8220;3.1.1&#8243;]Kurzes Feedback zur LOMI LOMI am 10. November 2016<\/p>\n<p>Ich m\u00f6chte mich noch einmal ganz herzlich bedanken f\u00fcr die tolle Massage. Ich habe mich sofort sehr wohl gef\u00fchlt bei Dir. Du bist einen sehr sympathische und gepflegte Person. Und die Massage war einfach der absolute Wahnsinn!!! Ich f\u00fchle mich noch heute sehr gut.<br \/>\n&#8211; sehr gem\u00fctliche Atmosph\u00e4re<br \/>\n&#8211; sehr stilvolle Einrichtung<br \/>\n&#8211; sehr sauber<br \/>\n&#8211; sch\u00f6nes Badezimmer<br \/>\n&#8211; super Service<br \/>\n&#8211; passt einfach so&#8230;<\/p>\n<p>Komme sehr gerne wieder einmal zu Dir in die Massage<\/p>\n<p>Nun w\u00fcnsche ich ein sch\u00f6nes Wochenende<\/p>\n<p>LG R. \u2028Tania Robinson<\/p>\n<p>vor 2 Jahren<br \/>\n[\/et_pb_team_member][et_pb_team_member name=&#8220;Micha&#8220; position=&#8220;Rollerspezialist&#8220; image_url=&#8220;https:\/\/aspasia-wellness.com\/wp-content\/uploads\/2018\/04\/aba33178e0cf42e3440da56cf58d84a6.jpg&#8220; _builder_version=&#8220;3.1.1&#8243;]Entspannung pur<br \/>\nkann man und sollte man auch weiterempfehlen.<br \/>\nFreue mich schon jetzt auf die n\u00e4chste Massage<br \/>\nMicha<\/p>\n<p>vor einem Jahr<br \/>\n[\/et_pb_team_member][et_pb_team_member name=&#8220;Gerhard&#8220; position=&#8220;Fahrzeuglackierer&#8220; image_url=&#8220;https:\/\/aspasia-wellness.com\/wp-content\/uploads\/2018\/04\/aba33178e0cf42e3440da56cf58d84a6.jpg&#8220; _builder_version=&#8220;3.1.1&#8243;]Wow ,Endlich mal eine sehr gute Adresse f\u00fcr Massagen !<br \/>\nAmbiante Perfekt !<br \/>\n&#8211; sehr Freundliche,\u00a0Profesionelle,\u00a0nette und<br \/>\nCharmante\u00a0tooooooooooooop Masseuse !<br \/>\nNimmt sich wirklich viel zeit und macht es\u00a0zur einer traumhafte Massage .!<br \/>\nMan sieht Dass Sie Ihren Beruf liebt und es mit Spass macht!<br \/>\nkann es wirklich nur weiter Empfehlen !<br \/>\nHabe lange nach einer solchen Adresse gesucht und jetzt endlich gefunden.<br \/>\nwerde sofort wieder eine Massage Buchen !!<br \/>\n1000 mal Danke f\u00fcr die super tolle Massage !<br \/>\nEin Traum<br \/>\nTop<br \/>\nGruss Gerhard\u00a0Br\u00fcgger<\/p>\n<p>vor einem Jahr<br \/>\n[\/et_pb_team_member][et_pb_team_member name=&#8220;Alexander&#8220; position=&#8220;Brand Manager \/ Racedriver&#8220; image_url=&#8220;https:\/\/aspasia-wellness.com\/wp-content\/uploads\/2018\/04\/aba33178e0cf42e3440da56cf58d84a6.jpg&#8220; _builder_version=&#8220;3.1.1&#8243;]Excellenter Moment der Entspannung. Pures Anti-Stress Programm. Nettes sauberes und gepflegtes Ambiente. Tolle Massage mit Tiefenentspannung. Gerne jederzeit wieder !<\/p>\n<p>Alexander Wensky<\/p>\n<p>vor einem Jahr<br \/>\n[\/et_pb_team_member][et_pb_team_member name=&#8220;Eric&#8220; image_url=&#8220;https:\/\/aspasia-wellness.com\/wp-content\/uploads\/2018\/04\/aba33178e0cf42e3440da56cf58d84a6.jpg&#8220; _builder_version=&#8220;4.8.1&#8243;]<\/p>\n<p>Ihre Massage war g\u00f6ttlich.\u00a0<\/p>\n<p>[\/et_pb_team_member][et_pb_team_member name=&#8220;Muhamed&#8220; image_url=&#8220;https:\/\/aspasia-wellness.com\/wp-content\/uploads\/2018\/04\/aba33178e0cf42e3440da56cf58d84a6.jpg&#8220; _builder_version=&#8220;4.8.1&#8243; hover_enabled=&#8220;0&#8243; sticky_enabled=&#8220;0&#8243;]<\/p>\n<p>Das ist das Beste was ich sagen will.<\/p>\n<p>[\/et_pb_team_member][et_pb_comments show_count=&#8220;off&#8220; _builder_version=&#8220;3.16&#8243; button_text_size__hover_enabled=&#8220;off&#8220; button_one_text_size__hover_enabled=&#8220;off&#8220; button_two_text_size__hover_enabled=&#8220;off&#8220; button_text_color__hover_enabled=&#8220;off&#8220; button_one_text_color__hover_enabled=&#8220;off&#8220; button_two_text_color__hover_enabled=&#8220;off&#8220; button_border_width__hover_enabled=&#8220;off&#8220; button_one_border_width__hover_enabled=&#8220;off&#8220; button_two_border_width__hover_enabled=&#8220;off&#8220; button_border_color__hover_enabled=&#8220;off&#8220; button_one_border_color__hover_enabled=&#8220;off&#8220; button_two_border_color__hover_enabled=&#8220;off&#8220; button_border_radius__hover_enabled=&#8220;off&#8220; button_one_border_radius__hover_enabled=&#8220;off&#8220; button_two_border_radius__hover_enabled=&#8220;off&#8220; button_letter_spacing__hover_enabled=&#8220;off&#8220; button_one_letter_spacing__hover_enabled=&#8220;off&#8220; button_two_letter_spacing__hover_enabled=&#8220;off&#8220; button_bg_color__hover_enabled=&#8220;off&#8220; button_one_bg_color__hover_enabled=&#8220;off&#8220; button_two_bg_color__hover_enabled=&#8220;off&#8220;][\/et_pb_comments][\/et_pb_column][et_pb_column type=&#8220;1_4&#8243; _builder_version=&#8220;3.25&#8243; custom_padding=&#8220;|||&#8220; custom_padding__hover=&#8220;|||&#8220;][et_pb_divider show_divider=&#8220;off&#8220; _builder_version=&#8220;3.2&#8243;][\/et_pb_divider][et_pb_blurb title=&#8220;Referenzen zum Metabolismus &#8211; Coaching &#8220; url=&#8220;#&#8220; _builder_version=&#8220;3.1.1&#8243; header_font=&#8220;Taviraj|600|||||||&#8220; header_font_size=&#8220;25px&#8220;][\/et_pb_blurb][et_pb_team_member name=&#8220;Beatrice S.&#8220; position=&#8220;HNO Praxis Arzthelferin&#8220; image_url=&#8220;https:\/\/aspasia-wellness.com\/wp-content\/uploads\/2018\/04\/aba33178e0cf42e3440da56cf58d84a6.jpg&#8220; _builder_version=&#8220;4.8.1&#8243;]Bea S. aus Berlin Ich habe schon einiges versucht und nie durchgehalten Bei Jana L\u00b4s &#8222;System&#8220; ist es anders. Ich habe 10 Kilo in 8 Wochen abgenommen und das OHNE zu Hungern. Es macht Spass und gibt einem gleich ein ganz neues Lebensgef\u00fchl.\u201d<br \/>\n[\/et_pb_team_member][et_pb_team_member name=&#8220;Alexander &#8220; position=&#8220;Brand Manager &#8220; image_url=&#8220;https:\/\/aspasia-wellness.com\/wp-content\/uploads\/2018\/04\/aba33178e0cf42e3440da56cf58d84a6.jpg&#8220; _builder_version=&#8220;3.1.1&#8243;]Ich war von dem System und was dahinter steckt fasziniert und habe es gleich ausprobiert.<br \/>\n9,5 kg in 8 Wochen, jetzt habe ich ein Gewicht erreicht was ich 20 Jahre zuvor einmal hatte.Ich f\u00fchle mich fit, bin stressresistenter im Beruf geworden und meine Magens\u00e4urebeschwerden geh\u00f6ren der Vergangenheit an.\u201d<br \/>\n[\/et_pb_team_member][et_pb_comments show_count=&#8220;off&#8220; _builder_version=&#8220;4.8.1&#8243; button_text_size__hover_enabled=&#8220;off&#8220; button_one_text_size__hover_enabled=&#8220;off&#8220; button_two_text_size__hover_enabled=&#8220;off&#8220; button_text_color__hover_enabled=&#8220;off&#8220; button_one_text_color__hover_enabled=&#8220;off&#8220; button_two_text_color__hover_enabled=&#8220;off&#8220; button_border_width__hover_enabled=&#8220;off&#8220; button_one_border_width__hover_enabled=&#8220;off&#8220; button_two_border_width__hover_enabled=&#8220;off&#8220; button_border_color__hover_enabled=&#8220;off&#8220; button_one_border_color__hover_enabled=&#8220;off&#8220; button_two_border_color__hover_enabled=&#8220;off&#8220; button_border_radius__hover_enabled=&#8220;off&#8220; button_one_border_radius__hover_enabled=&#8220;off&#8220; button_two_border_radius__hover_enabled=&#8220;off&#8220; button_letter_spacing__hover_enabled=&#8220;off&#8220; button_one_letter_spacing__hover_enabled=&#8220;off&#8220; button_two_letter_spacing__hover_enabled=&#8220;off&#8220; button_bg_color__hover_enabled=&#8220;off&#8220; button_one_bg_color__hover_enabled=&#8220;off&#8220; button_two_bg_color__hover_enabled=&#8220;off&#8220;][\/et_pb_comments][\/et_pb_column][et_pb_column type=&#8220;1_4&#8243; _builder_version=&#8220;4.8.1&#8243; _module_preset=&#8220;default&#8220;][et_pb_blurb title=&#8220;Referenzen zu Online\/Offline  Coaching &#8211; Programmen &#8220; url=&#8220;#&#8220; _builder_version=&#8220;4.8.1&#8243; header_font=&#8220;Taviraj|600|||||||&#8220; header_font_size=&#8220;25px&#8220;]<\/p>\n<div class=\"et_pb_module et_pb_testimonial et_pb_testimonial_5 clearfix et_pb_text_align_center et_pb_bg_layout_light et_pb_icon_off et_pb_testimonial_no_image et_pb_testimonial_no_bg et_had_animation\">\n<div class=\"et_pb_testimonial_description\">\n<div class=\"et_pb_testimonial_description_inner\">\n<div class=\"et_pb_testimonial_content\"><\/div>\n<\/div>\n<\/div>\n<\/div>\n<div class=\"et_pb_module et_pb_testimonial et_pb_testimonial_6 clearfix et_pb_text_align_center et_pb_bg_layout_light et_pb_icon_off et_pb_testimonial_no_image et_pb_testimonial_no_bg et_had_animation\"><\/div>\n<p>[\/et_pb_blurb][et_pb_team_member name=&#8220;Tania T.&#8220; position=&#8220;Immobilien &#8220; image_url=&#8220;https:\/\/aspasia-wellness.com\/wp-content\/uploads\/2018\/04\/aba33178e0cf42e3440da56cf58d84a6.jpg&#8220; _builder_version=&#8220;4.8.1&#8243; _module_preset=&#8220;default&#8220;]<\/p>\n<div class=\"et_pb_module et_pb_testimonial et_pb_testimonial_5 clearfix et_pb_text_align_center et_pb_bg_layout_light et_pb_icon_off et_pb_testimonial_no_image et_pb_testimonial_no_bg et_had_animation\">\n<div class=\"et_pb_testimonial_description\">\n<div class=\"et_pb_testimonial_description_inner\">\n<div class=\"et_pb_testimonial_content\">\n<p style=\"text-align: left;\">Hallo meine liebe Jana,<\/p>\n<p style=\"text-align: left;\">erst einmal vielen Dank f\u00fcr Deine Zeit, welche Du Dir f\u00fcr mein Problem genommen hast.<\/p>\n<p style=\"text-align: left;\">Es war schon sehr speziell. Ich konnte keinen Sex mehr haben. Nichts half, nicht einmal f\u00fcr mich allein.<\/p>\n<p style=\"text-align: left;\">Interessanter Weise merkte ich in unserem Gespr\u00e4ch, dass es Ganzheitlich um mehr bei mir ging und das positive Denken erst bei mir eingeschaltet werden musste. Jetzt, wo ich die positive Vorstellung bei mir manifestiert habe, klappt es auch wieder beim Sex. Ich f\u00fchle mich sogar attraktiver und denke noch daran was ich m\u00f6chte\u2026 Was nicht geht, gibts nicht.<\/p>\n<p style=\"text-align: left;\">Danke Dir vom Herzen, endlich durch Dich \u00fcber diese Blockade hinweg gekommen zu sein. <img decoding=\"async\" class=\"emoji\" role=\"img\" draggable=\"false\" src=\"https:\/\/s.w.org\/images\/core\/emoji\/13.0.1\/svg\/1f48b.svg\" alt=\"&#x1f48b;\" \/><img decoding=\"async\" class=\"emoji\" role=\"img\" draggable=\"false\" src=\"https:\/\/s.w.org\/images\/core\/emoji\/13.0.1\/svg\/1f60d.svg\" alt=\"&#x1f60d;\" \/><img decoding=\"async\" class=\"emoji\" role=\"img\" draggable=\"false\" src=\"https:\/\/s.w.org\/images\/core\/emoji\/13.0.1\/svg\/1f48b.svg\" alt=\"&#x1f48b;\" \/><\/p>\n<p>&nbsp;<\/p>\n<\/div>\n<\/div>\n<p class=\"et_pb_testimonial_meta\">\n<\/div>\n<\/div>\n<div class=\"et_pb_module et_pb_testimonial et_pb_testimonial_6 clearfix et_pb_text_align_center et_pb_bg_layout_light et_pb_icon_off et_pb_testimonial_no_image et_pb_testimonial_no_bg et_had_animation\">\u00a0<\/div>\n<p>[\/et_pb_team_member][et_pb_comments _builder_version=&#8220;4.8.1&#8243; _module_preset=&#8220;default&#8220;][\/et_pb_comments][\/et_pb_column][et_pb_column type=&#8220;1_4&#8243; _builder_version=&#8220;3.25&#8243; custom_padding=&#8220;|||&#8220; custom_padding__hover=&#8220;|||&#8220;][et_pb_blurb title=&#8220;Referenzen zu Online &#8211; Programmen &#8220; url=&#8220;#&#8220; _builder_version=&#8220;3.1.1&#8243; header_font=&#8220;Taviraj|600|||||||&#8220; header_font_size=&#8220;25px&#8220;][\/et_pb_blurb][et_pb_comments _builder_version=&#8220;4.8.1&#8243; button_text_size__hover_enabled=&#8220;off&#8220; button_one_text_size__hover_enabled=&#8220;off&#8220; button_two_text_size__hover_enabled=&#8220;off&#8220; button_text_color__hover_enabled=&#8220;off&#8220; button_one_text_color__hover_enabled=&#8220;off&#8220; button_two_text_color__hover_enabled=&#8220;off&#8220; button_border_width__hover_enabled=&#8220;off&#8220; button_one_border_width__hover_enabled=&#8220;off&#8220; button_two_border_width__hover_enabled=&#8220;off&#8220; button_border_color__hover_enabled=&#8220;off&#8220; button_one_border_color__hover_enabled=&#8220;off&#8220; button_two_border_color__hover_enabled=&#8220;off&#8220; button_border_radius__hover_enabled=&#8220;off&#8220; button_one_border_radius__hover_enabled=&#8220;off&#8220; button_two_border_radius__hover_enabled=&#8220;off&#8220; button_letter_spacing__hover_enabled=&#8220;off&#8220; button_one_letter_spacing__hover_enabled=&#8220;off&#8220; button_two_letter_spacing__hover_enabled=&#8220;off&#8220; button_bg_color__hover_enabled=&#8220;off&#8220; button_one_bg_color__hover_enabled=&#8220;off&#8220; button_two_bg_color__hover_enabled=&#8220;off&#8220;][\/et_pb_comments][\/et_pb_column][\/et_pb_row][et_pb_row _builder_version=&#8220;3.25&#8243;][et_pb_column type=&#8220;4_4&#8243; _builder_version=&#8220;3.25&#8243; custom_padding=&#8220;|||&#8220; custom_padding__hover=&#8220;|||&#8220;][et_pb_divider show_divider=&#8220;off&#8220; _builder_version=&#8220;3.2&#8243;][\/et_pb_divider][\/et_pb_column][\/et_pb_row][et_pb_row column_structure=&#8220;1_3,1_3,1_3&#8243; _builder_version=&#8220;3.25&#8243; background_size=&#8220;initial&#8220; background_position=&#8220;top_left&#8220; background_repeat=&#8220;repeat&#8220;][et_pb_column type=&#8220;1_3&#8243; _builder_version=&#8220;3.25&#8243; custom_padding=&#8220;|||&#8220; custom_padding__hover=&#8220;|||&#8220;][et_pb_cta title=&#8220;Deine Wohlf\u00fchlmassage reservieren &#8220; button_url=&#8220;http:\/\/bit.ly\/2dpfg49&#8243; button_text=&#8220;Hier gleich Deine Wohlf\u00fchlzeit sichern !&#8220; _builder_version=&#8220;3.16&#8243; background_image=&#8220;https:\/\/aspasia-wellness.com\/wp-content\/uploads\/2018\/03\/IMG_3379-e1522260242126.jpg&#8220; animation_style=&#8220;zoom&#8220; button_text_size__hover_enabled=&#8220;off&#8220; button_one_text_size__hover_enabled=&#8220;off&#8220; button_two_text_size__hover_enabled=&#8220;off&#8220; button_text_color__hover_enabled=&#8220;off&#8220; button_one_text_color__hover_enabled=&#8220;off&#8220; button_two_text_color__hover_enabled=&#8220;off&#8220; button_border_width__hover_enabled=&#8220;off&#8220; button_one_border_width__hover_enabled=&#8220;off&#8220; button_two_border_width__hover_enabled=&#8220;off&#8220; button_border_color__hover_enabled=&#8220;off&#8220; button_one_border_color__hover_enabled=&#8220;off&#8220; button_two_border_color__hover_enabled=&#8220;off&#8220; button_border_radius__hover_enabled=&#8220;off&#8220; button_one_border_radius__hover_enabled=&#8220;off&#8220; button_two_border_radius__hover_enabled=&#8220;off&#8220; button_letter_spacing__hover_enabled=&#8220;off&#8220; button_one_letter_spacing__hover_enabled=&#8220;off&#8220; button_two_letter_spacing__hover_enabled=&#8220;off&#8220; button_bg_color__hover_enabled=&#8220;off&#8220; button_one_bg_color__hover_enabled=&#8220;off&#8220; button_two_bg_color__hover_enabled=&#8220;off&#8220;][\/et_pb_cta][\/et_pb_column][et_pb_column type=&#8220;1_3&#8243; _builder_version=&#8220;3.25&#8243; custom_padding=&#8220;|||&#8220; custom_padding__hover=&#8220;|||&#8220;][et_pb_cta title=&#8220;Dein individuelles ganzheitliches Wohlf\u00fchlprogramm erstellen &#8220; button_url=&#8220;https:\/\/info408.youcanbook.me&#8220; button_text=&#8220;Sichere Dir Hier Dein 1. pers\u00f6nliches Gratis &#8211; Gespr\u00e4ch im Wert von 250 \u20ac&#8220; _builder_version=&#8220;3.16&#8243; background_image=&#8220;https:\/\/aspasia-wellness.com\/wp-content\/uploads\/2018\/03\/IMG_6649.jpg&#8220; animation_style=&#8220;zoom&#8220; button_text_size__hover_enabled=&#8220;off&#8220; button_one_text_size__hover_enabled=&#8220;off&#8220; button_two_text_size__hover_enabled=&#8220;off&#8220; button_text_color__hover_enabled=&#8220;off&#8220; button_one_text_color__hover_enabled=&#8220;off&#8220; button_two_text_color__hover_enabled=&#8220;off&#8220; button_border_width__hover_enabled=&#8220;off&#8220; button_one_border_width__hover_enabled=&#8220;off&#8220; button_two_border_width__hover_enabled=&#8220;off&#8220; button_border_color__hover_enabled=&#8220;off&#8220; button_one_border_color__hover_enabled=&#8220;off&#8220; button_two_border_color__hover_enabled=&#8220;off&#8220; button_border_radius__hover_enabled=&#8220;off&#8220; button_one_border_radius__hover_enabled=&#8220;off&#8220; button_two_border_radius__hover_enabled=&#8220;off&#8220; button_letter_spacing__hover_enabled=&#8220;off&#8220; button_one_letter_spacing__hover_enabled=&#8220;off&#8220; button_two_letter_spacing__hover_enabled=&#8220;off&#8220; button_bg_color__hover_enabled=&#8220;off&#8220; button_one_bg_color__hover_enabled=&#8220;off&#8220; button_two_bg_color__hover_enabled=&#8220;off&#8220;][\/et_pb_cta][\/et_pb_column][et_pb_column type=&#8220;1_3&#8243; _builder_version=&#8220;3.25&#8243; custom_padding=&#8220;|||&#8220; custom_padding__hover=&#8220;|||&#8220;][et_pb_cta title=&#8220;Dein Online &#8211; Selbsthilfe &#8211; Wohlf\u00fchlprogramm&#8220; button_url=&#8220;https:\/\/aspasia-wellness.com\/wohlfuehlangebote\/&#8220; button_text=&#8220;Sichere Dir Hier gleich Dein Selbsthilfe &#8211; Wohlf\u00fchlprogramm Deiner Wahl&#8220; _builder_version=&#8220;3.16&#8243; background_image=&#8220;https:\/\/aspasia-wellness.com\/wp-content\/uploads\/2018\/03\/fullsizeoutput_488-e1523891319135.jpeg&#8220; animation_style=&#8220;zoom&#8220; button_text_size__hover_enabled=&#8220;off&#8220; button_one_text_size__hover_enabled=&#8220;off&#8220; button_two_text_size__hover_enabled=&#8220;off&#8220; button_text_color__hover_enabled=&#8220;off&#8220; button_one_text_color__hover_enabled=&#8220;off&#8220; button_two_text_color__hover_enabled=&#8220;off&#8220; button_border_width__hover_enabled=&#8220;off&#8220; button_one_border_width__hover_enabled=&#8220;off&#8220; button_two_border_width__hover_enabled=&#8220;off&#8220; button_border_color__hover_enabled=&#8220;off&#8220; button_one_border_color__hover_enabled=&#8220;off&#8220; button_two_border_color__hover_enabled=&#8220;off&#8220; button_border_radius__hover_enabled=&#8220;off&#8220; button_one_border_radius__hover_enabled=&#8220;off&#8220; button_two_border_radius__hover_enabled=&#8220;off&#8220; button_letter_spacing__hover_enabled=&#8220;off&#8220; button_one_letter_spacing__hover_enabled=&#8220;off&#8220; button_two_letter_spacing__hover_enabled=&#8220;off&#8220; button_bg_color__hover_enabled=&#8220;off&#8220; button_one_bg_color__hover_enabled=&#8220;off&#8220; button_two_bg_color__hover_enabled=&#8220;off&#8220;][\/et_pb_cta][\/et_pb_column][\/et_pb_row][\/et_pb_section][et_pb_section fb_built=&#8220;1&#8243; _builder_version=&#8220;3.22&#8243; background_image=&#8220;https:\/\/aspasia-wellness.com\/wp-content\/uploads\/2018\/03\/IMG_1881.jpg&#8220; parallax=&#8220;on&#8220; animation_style=&#8220;zoom&#8220;][et_pb_row column_structure=&#8220;1_3,2_3&#8243; _builder_version=&#8220;3.25&#8243;][et_pb_column type=&#8220;1_3&#8243; _builder_version=&#8220;3.25&#8243; custom_padding=&#8220;|||&#8220; custom_padding__hover=&#8220;|||&#8220;][et_pb_image src=&#8220;https:\/\/aspasia-wellness.com\/wp-content\/uploads\/2018\/04\/fullsizeoutput_3-e1522959276405.jpeg&#8220; align_tablet=&#8220;center&#8220; align_phone=&#8220;&#8220; align_last_edited=&#8220;on|desktop&#8220; _builder_version=&#8220;3.23&#8243;][\/et_pb_image][\/et_pb_column][et_pb_column type=&#8220;2_3&#8243; _builder_version=&#8220;3.25&#8243; custom_padding=&#8220;|||&#8220; custom_padding__hover=&#8220;|||&#8220;][et_pb_signup mailchimp_list=&#8220;ASPASIA Health &#038; WELLNESSLOUNGE|afae954c60&#8243; name_field=&#8220;on&#8220; title=&#8220;Sichere Dir Hier Dein Gratis &#8211; Geschenk und bleibe mit den Wohlf\u00fchlsecrets up to date &#8220; button_text=&#8220;Hier absenden und sichern&#8220; description=&#8220;<em>Auch ich mag keine Spams. Deine Daten sind bei mir sicher! Ich behandle diese vertraulich.<\/em><br \/>\n&#8220; _builder_version=&#8220;3.23&#8243; custom_button=&#8220;on&#8220; button_bg_use_color_gradient=&#8220;on&#8220; button_bg_color_gradient_start=&#8220;#e06962&#8243; button_bg_color_gradient_end=&#8220;#faebd7&#8243; button_border_width=&#8220;0px&#8220; button_border_radius=&#8220;47px&#8220; button_font=&#8220;||||||||&#8220; button_text_shadow_style=&#8220;preset2&#8243; button_text_size__hover_enabled=&#8220;off&#8220; button_one_text_size__hover_enabled=&#8220;off&#8220; button_two_text_size__hover_enabled=&#8220;off&#8220; button_text_color__hover_enabled=&#8220;off&#8220; button_one_text_color__hover_enabled=&#8220;off&#8220; button_two_text_color__hover_enabled=&#8220;off&#8220; button_border_width__hover_enabled=&#8220;off&#8220; button_one_border_width__hover_enabled=&#8220;off&#8220; button_two_border_width__hover_enabled=&#8220;off&#8220; button_border_color__hover_enabled=&#8220;off&#8220; button_one_border_color__hover_enabled=&#8220;off&#8220; button_two_border_color__hover_enabled=&#8220;off&#8220; button_border_radius__hover_enabled=&#8220;off&#8220; button_one_border_radius__hover_enabled=&#8220;off&#8220; button_two_border_radius__hover_enabled=&#8220;off&#8220; button_letter_spacing__hover_enabled=&#8220;off&#8220; button_one_letter_spacing__hover_enabled=&#8220;off&#8220; button_two_letter_spacing__hover_enabled=&#8220;off&#8220; button_bg_color__hover_enabled=&#8220;off&#8220; button_one_bg_color__hover_enabled=&#8220;off&#8220; button_two_bg_color__hover_enabled=&#8220;off&#8220;]<em>Auch ich mag keine Spams. Deine Daten sind bei mir sicher! Ich behandle diese vertraulich.<\/em><br \/>\n[\/et_pb_signup][\/et_pb_column][\/et_pb_row][\/et_pb_section]<\/p>\n<span class=\"et_bloom_bottom_trigger\"><\/span>","protected":false},"excerpt":{"rendered":"<p>Hier findest Du Kundenerfahrungen zu den Wohlf\u00fchl &#8211; Angeboten &nbsp; &nbsp; Kurzes Feedback zur LOMI LOMI am 10. November 2016 Ich m\u00f6chte mich noch einmal ganz herzlich bedanken f\u00fcr die tolle Massage. Ich habe mich sofort sehr wohl gef\u00fchlt bei Dir. Du bist einen sehr sympathische und gepflegte Person. Und die Massage war einfach der [&hellip;]<\/p>\n","protected":false},"author":1,"featured_media":0,"parent":0,"menu_order":0,"comment_status":"closed","ping_status":"closed","template":"","meta":{"_et_pb_use_builder":"on","_et_pb_old_content":"","_et_gb_content_width":"","footnotes":""},"class_list":["post-641","page","type-page","status-publish","hentry"],"_links":{"self":[{"href":"https:\/\/aspasia-wellness.com\/coming-soon\/under-construction\/wp-json\/wp\/v2\/pages\/641"}],"collection":[{"href":"https:\/\/aspasia-wellness.com\/coming-soon\/under-construction\/wp-json\/wp\/v2\/pages"}],"about":[{"href":"https:\/\/aspasia-wellness.com\/coming-soon\/under-construction\/wp-json\/wp\/v2\/types\/page"}],"author":[{"embeddable":true,"href":"https:\/\/aspasia-wellness.com\/coming-soon\/under-construction\/wp-json\/wp\/v2\/users\/1"}],"replies":[{"embeddable":true,"href":"https:\/\/aspasia-wellness.com\/coming-soon\/under-construction\/wp-json\/wp\/v2\/comments?post=641"}],"version-history":[{"count":0,"href":"https:\/\/aspasia-wellness.com\/coming-soon\/under-construction\/wp-json\/wp\/v2\/pages\/641\/revisions"}],"wp:attachment":[{"href":"https:\/\/aspasia-wellness.com\/coming-soon\/under-construction\/wp-json\/wp\/v2\/media?parent=641"}],"curies":[{"name":"wp","href":"https:\/\/api.w.org\/{rel}","templated":true}]}}